{"id":825,"date":"2023-12-21T21:34:43","date_gmt":"2023-12-21T21:34:43","guid":{"rendered":"https:\/\/trade-world-one.de\/?page_id=825"},"modified":"2026-01-27T14:09:49","modified_gmt":"2026-01-27T14:09:49","slug":"imprimir","status":"publish","type":"page","link":"https:\/\/trade-world-one.de\/es\/imprimir\/","title":{"rendered":"Aviso legal"},"content":{"rendered":"<figure class=\"wp-block-image alignfull size-large\"><img loading=\"lazy\" decoding=\"async\" width=\"1024\" height=\"205\" src=\"http:\/\/trade-world-one.de\/wp-content\/uploads\/2023\/12\/Impressum-1024x205.jpeg\" alt=\"\" class=\"wp-image-831\" srcset=\"https:\/\/trade-world-one.de\/wp-content\/uploads\/2023\/12\/Impressum-1024x205.jpeg 1024w, https:\/\/trade-world-one.de\/wp-content\/uploads\/2023\/12\/Impressum-300x60.jpeg 300w, https:\/\/trade-world-one.de\/wp-content\/uploads\/2023\/12\/Impressum-768x153.jpeg 768w, https:\/\/trade-world-one.de\/wp-content\/uploads\/2023\/12\/Impressum-1536x307.jpeg 1536w, https:\/\/trade-world-one.de\/wp-content\/uploads\/2023\/12\/Impressum.jpeg 1692w\" sizes=\"auto, (max-width: 1024px) 100vw, 1024px\" \/><\/figure>\n\n\n\n<div class=\"wp-block-stackable-heading stk-block-heading stk-block-heading--v2 stk-block stk-0ec741a\" id=\"impressum\" data-block-id=\"0ec741a\"><h2 class=\"stk-block-heading__text\">Aviso legal<\/h2><\/div>\n\n\n\n<p class=\"has-medium-font-size\">Informaci\u00f3n de acuerdo con el \u00a7 5 de la Ley alemana de Servicios Digitales (DDG)<br><br>Proveedor de servicios:<br><strong>Trade World One<\/strong> GmbH &amp; Co. KG<\/p>\n\n\n\n<p>Bonner Str. 367-371<br>40589 D\u00fcsseldorf<br>Alemania<br><br><strong>Representada por la socia personalmente responsable (socia general):<\/strong><br>Trade World One Beteiligungs GmbH<br><br><strong>Representada por:<\/strong><br>Director Gerente: Rainer Schieck<\/p>\n\n\n\n<p><strong>Contacto:<br><\/strong>Tel\u00e9fono: +49 (0) 211 515 81 70<br>Fax: +49 (0) 211 515 81 728<br>Correo electr\u00f3nico: <a href=\"mailto:info@trade-world-one.de\">info@trade-world-one.de<\/a><br><br><a href=\"https:\/\/trade-world-one.de\/es\/\">www.trade-world-one.de<\/a><\/p>\n\n\n\n<div class=\"wp-block-columns is-layout-flex wp-container-core-columns-is-layout-28f84493 wp-block-columns-is-layout-flex\">\n<div class=\"wp-block-column is-layout-flow wp-block-column-is-layout-flow\" style=\"flex-basis:100%\">\n<p><strong>Inscripci\u00f3n en el registro:<\/strong><br><strong><br>Inscripci\u00f3n de Trade World One GmbH &amp; Co. KG en el Registro Mercantil:<br><\/strong>Tribunal de registro: Tribunal de Distrito de D\u00fcsseldorf (Amtsgericht D\u00fcsseldorf)<br>N\u00famero de registro: HRA 28364<br><br><strong>Inscripci\u00f3n de Trade World One Beteiligungs GmbH (socia general) en el Registro Mercantil:<\/strong><br>Tribunal de registro: Tribunal de Distrito de D\u00fcsseldorf (Amtsgericht D\u00fcsseldorf)<br>N\u00famero de registro: HRB 109782<br><br><strong>NIF-IVA:<\/strong><br>seg\u00fan \u00a7 27 a de la Ley del IVA alemana:<br>DE459328687<\/p>\n\n\n\n<p><strong>Resoluci\u00f3n de litigios en la UE:<br><\/strong>La Comisi\u00f3n Europea ofrece una plataforma para la resoluci\u00f3n de litigios en l\u00ednea (RLL):<a href=\"https:\/\/ec.europa.eu\/consumers\/odr\/\"> https:\/\/ec.europa.eu\/consumers\/odr<\/a>.<br>Nuestra direcci\u00f3n de correo electr\u00f3nico es <a href=\"mailto:info@trade-world-one.de\">info@trade-world-one.de<\/a><\/p>\n\n\n\n<p><strong>Resoluci\u00f3n de litigios en materia de consumo\/Junta de arbitraje universal:<\/strong><br>No estamos dispuestos ni obligados a participar en procedimientos de resoluci\u00f3n de litigios ante una junta de arbitraje de consumo.<br><\/p>\n\n\n\n<div class=\"wp-block-stackable-divider stk-block-divider stk-block stk-d815f15\" data-block-id=\"d815f15\"><hr class=\"stk-block-divider__hr\"\/><\/div>\n\n\n\n<p><strong>Exclusi\u00f3n de responsabilidad (Disclaimer)<\/strong><\/p>\n\n\n\n<p>Responsabilidad por el contenido<\/p>\n\n\n\n<p>Como proveedor de servicios, somos responsables de nuestro propio contenido en estas p\u00e1ginas de acuerdo con el \u00a7 7 (1) de la DDG y las leyes generales. Sin embargo, seg\u00fan los \u00a7\u00a7 8 a 10 de la DDG, como proveedor de servicios no estamos obligados a supervisar la informaci\u00f3n de terceros transmitida o almacenada ni a investigar circunstancias que indiquen una actividad ilegal. Las obligaciones de eliminar o bloquear el uso de informaci\u00f3n seg\u00fan las leyes generales no se ven afectadas. Sin embargo, la responsabilidad a este respecto solo es posible desde el momento en que se tiene conocimiento de una infracci\u00f3n espec\u00edfica. Si tenemos conocimiento de tales infracciones, eliminaremos este contenido de inmediato.<\/p>\n\n\n\n<p>Responsabilidad de los enlaces<\/p>\n\n\n\n<p>Nuestra oferta contiene enlaces a sitios web externos de terceros sobre cuyo contenido no tenemos ninguna influencia. Por lo tanto, no podemos asumir ninguna garant\u00eda por estos contenidos externos. El proveedor u operador respectivo de las p\u00e1ginas es siempre responsable del contenido de las p\u00e1ginas enlazadas. Las p\u00e1ginas enlazadas fueron revisadas en busca de posibles infracciones legales en el momento de la vinculaci\u00f3n. No se reconocieron contenidos ilegales en el momento de la vinculaci\u00f3n. Sin embargo, no es razonable un control permanente del contenido de las p\u00e1ginas enlazadas sin indicios concretos de una infracci\u00f3n. Si tenemos conocimiento de infracciones legales, eliminaremos dichos enlaces de inmediato.<\/p>\n\n\n\n<p>Derechos de autor<\/p>\n\n\n\n<p>El contenido y las obras creadas por los operadores del sitio en estas p\u00e1ginas est\u00e1n sujetos a la ley alemana de derechos de autor. La reproducci\u00f3n, el procesamiento, la distribuci\u00f3n y cualquier tipo de explotaci\u00f3n fuera de los l\u00edmites de los derechos de autor requieren el consentimiento por escrito del autor o creador respectivo. Las descargas y copias de este sitio solo se permiten para uso privado y no comercial. En la medida en que el contenido de este sitio no haya sido creado por el operador, se respetan los derechos de autor de terceros. En particular, el contenido de terceros se identifica como tal. Si a pesar de todo usted se entera de una infracci\u00f3n de los derechos de autor, le rogamos que nos lo comunique. Si tenemos conocimiento de alguna infracci\u00f3n, eliminaremos el contenido de inmediato.<br><br>Cr\u00e9ditos de im\u00e1genes y fuentes:<br><br>Foto de Simon Berger: <a href=\"https:\/\/www.pexels.com\/de-de\/foto\/grauer-und-roter-eisenbahnzug-752718\/\">https:\/\/www.pexels.com\/de-de\/foto\/grauer-und-roter-eisenbahnzug-752718\/<\/a><br>V\u00eddeo de Yunus KARA: <a href=\"https:\/\/www.pexels.com\/de-de\/video\/sonnenuntergang-wolken-baume-offentliche-verkehrsmittel-12628751\/\">https:\/\/www.pexels.com\/de-de\/video\/sonnenuntergang-wolken-baume-offentliche-verkehrsmittel-12628751\/<\/a><br>Foto de <a href=\"https:\/\/unsplash.com\/de\/@soymeraki?utm_content=creditCopyText&amp;utm_medium=referral&amp;utm_source=unsplash\">Javier Allegue Barros<\/a> en <a href=\"https:\/\/unsplash.com\/de\/fotos\/silhouettenfotografie-von-menschen-die-sich-auf-klippen-versammelt-haben-i5Kx0P8A0d4?utm_content=creditCopyText&amp;utm_medium=referral&amp;utm_source=unsplash\">Unsplash<\/a><br><br>Algunas im\u00e1genes de este sitio web han sido generadas o editadas con la ayuda de herramientas de IA. Esta es una traducci\u00f3n. En caso de discrepancia, prevalecer\u00e1 la versi\u00f3n alemana.<br><br><strong>Fecha de actualizaci\u00f3n: Agosto de 2025<\/strong><\/p>\n\n\n\n<div class=\"wp-block-stackable-spacer stk-block-spacer stk--no-padding stk-block stk-1a9a382\" data-block-id=\"1a9a382\"><style>.stk-1a9a382 {height:100px !important;}<\/style><\/div>\n<\/div>\n<\/div>","protected":false},"excerpt":{"rendered":"<p>Impressum Angaben gem\u00e4\u00df \u00a7 5 Digitale-Dienste-Gesetz (DDG) Diensteanbieter:Trade World One GmbH &amp; Co. KG Bonner Str. 367-37140589 D\u00fcsseldorfDeutschland Vertreten durch die pers\u00f6nlich haftende Gesellschafterin (Komplement\u00e4rin):Trade World One Beteiligungs GmbH Vertreten durch:Gesch\u00e4ftsf\u00fchrer: Rainer Schieck Kontakt:Fon: +49 (0) 211 515 81 70Fax: +49 (0) 211 515 81 728E-Mail: info@trade-world-one.de www.trade-world-one.de Registereintrag:Eintragung der Trade World One GmbH &amp; [&hellip;]<\/p>\n","protected":false},"author":1,"featured_media":0,"parent":0,"menu_order":0,"comment_status":"closed","ping_status":"closed","template":"","meta":{"footnotes":""},"class_list":["post-825","page","type-page","status-publish","hentry"],"blocksy_meta":{"disable_header":"no","disable_footer":"no","disable_featured_image":"no","disable_share_box":"no","styles_descriptor":{"styles":{"desktop":"","tablet":"","mobile":""},"google_fonts":[],"version":6}},"yoast_head":"<!-- This site is optimized with the Yoast SEO plugin v27.5 - https:\/\/yoast.com\/product\/yoast-seo-wordpress\/ -->\n<title>Impressum - Trade World One<\/title>\n<meta name=\"robots\" content=\"index, follow, max-snippet:-1, max-image-preview:large, max-video-preview:-1\" \/>\n<link rel=\"canonical\" href=\"https:\/\/trade-world-one.de\/es\/imprimir\/\" \/>\n<meta property=\"og:locale\" content=\"es_ES\" \/>\n<meta property=\"og:type\" content=\"article\" \/>\n<meta property=\"og:title\" content=\"Impressum - Trade World One\" \/>\n<meta property=\"og:description\" content=\"Impressum Angaben gem\u00e4\u00df \u00a7 5 Digitale-Dienste-Gesetz (DDG) Diensteanbieter:Trade World One GmbH &amp; Co. KG Bonner Str. 367-37140589 D\u00fcsseldorfDeutschland Vertreten durch die pers\u00f6nlich haftende Gesellschafterin (Komplement\u00e4rin):Trade World One Beteiligungs GmbH Vertreten durch:Gesch\u00e4ftsf\u00fchrer: Rainer Schieck Kontakt:Fon: +49 (0) 211 515 81 70Fax: +49 (0) 211 515 81 728E-Mail: info@trade-world-one.de www.trade-world-one.de Registereintrag:Eintragung der Trade World One GmbH &amp; [&hellip;]\" \/>\n<meta property=\"og:url\" content=\"https:\/\/trade-world-one.de\/es\/imprimir\/\" \/>\n<meta property=\"og:site_name\" content=\"Trade World One\" \/>\n<meta property=\"article:publisher\" content=\"https:\/\/www.linkedin.com\/company\/tradeworldone\" \/>\n<meta property=\"article:modified_time\" content=\"2026-01-27T14:09:49+00:00\" \/>\n<meta property=\"og:image\" content=\"https:\/\/trade-world-one.de\/wp-content\/uploads\/2023\/12\/Impressum.jpeg\" \/>\n\t<meta property=\"og:image:width\" content=\"1692\" \/>\n\t<meta property=\"og:image:height\" content=\"338\" \/>\n\t<meta property=\"og:image:type\" content=\"image\/jpeg\" \/>\n<meta name=\"twitter:card\" content=\"summary_large_image\" \/>\n<meta name=\"twitter:label1\" content=\"Est. reading time\" \/>\n\t<meta name=\"twitter:data1\" content=\"3 minutos\" \/>\n<script type=\"application\/ld+json\" class=\"yoast-schema-graph\">{\"@context\":\"https:\\\/\\\/schema.org\",\"@graph\":[{\"@type\":\"WebPage\",\"@id\":\"https:\\\/\\\/trade-world-one.de\\\/impressum\\\/\",\"url\":\"https:\\\/\\\/trade-world-one.de\\\/impressum\\\/\",\"name\":\"Impressum - Trade World One\",\"isPartOf\":{\"@id\":\"https:\\\/\\\/trade-world-one.de\\\/#website\"},\"primaryImageOfPage\":{\"@id\":\"https:\\\/\\\/trade-world-one.de\\\/impressum\\\/#primaryimage\"},\"image\":{\"@id\":\"https:\\\/\\\/trade-world-one.de\\\/impressum\\\/#primaryimage\"},\"thumbnailUrl\":\"http:\\\/\\\/trade-world-one.de\\\/wp-content\\\/uploads\\\/2023\\\/12\\\/Impressum-1024x205.jpeg\",\"datePublished\":\"2023-12-21T21:34:43+00:00\",\"dateModified\":\"2026-01-27T14:09:49+00:00\",\"breadcrumb\":{\"@id\":\"https:\\\/\\\/trade-world-one.de\\\/impressum\\\/#breadcrumb\"},\"inLanguage\":\"es\",\"potentialAction\":[{\"@type\":\"ReadAction\",\"target\":[\"https:\\\/\\\/trade-world-one.de\\\/impressum\\\/\"]}]},{\"@type\":\"ImageObject\",\"inLanguage\":\"es\",\"@id\":\"https:\\\/\\\/trade-world-one.de\\\/impressum\\\/#primaryimage\",\"url\":\"http:\\\/\\\/trade-world-one.de\\\/wp-content\\\/uploads\\\/2023\\\/12\\\/Impressum-1024x205.jpeg\",\"contentUrl\":\"http:\\\/\\\/trade-world-one.de\\\/wp-content\\\/uploads\\\/2023\\\/12\\\/Impressum-1024x205.jpeg\"},{\"@type\":\"BreadcrumbList\",\"@id\":\"https:\\\/\\\/trade-world-one.de\\\/impressum\\\/#breadcrumb\",\"itemListElement\":[{\"@type\":\"ListItem\",\"position\":1,\"name\":\"Startseite\",\"item\":\"https:\\\/\\\/trade-world-one.de\\\/\"},{\"@type\":\"ListItem\",\"position\":2,\"name\":\"Impressum\"}]},{\"@type\":\"WebSite\",\"@id\":\"https:\\\/\\\/trade-world-one.de\\\/#website\",\"url\":\"https:\\\/\\\/trade-world-one.de\\\/\",\"name\":\"Trade World One GmbH\",\"description\":\"Your parts for success\",\"publisher\":{\"@id\":\"https:\\\/\\\/trade-world-one.de\\\/#organization\"},\"potentialAction\":[{\"@type\":\"SearchAction\",\"target\":{\"@type\":\"EntryPoint\",\"urlTemplate\":\"https:\\\/\\\/trade-world-one.de\\\/?s={search_term_string}\"},\"query-input\":{\"@type\":\"PropertyValueSpecification\",\"valueRequired\":true,\"valueName\":\"search_term_string\"}}],\"inLanguage\":\"es\"},{\"@type\":\"Organization\",\"@id\":\"https:\\\/\\\/trade-world-one.de\\\/#organization\",\"name\":\"Trade World One GmbH\",\"url\":\"https:\\\/\\\/trade-world-one.de\\\/\",\"logo\":{\"@type\":\"ImageObject\",\"inLanguage\":\"es\",\"@id\":\"https:\\\/\\\/trade-world-one.de\\\/#\\\/schema\\\/logo\\\/image\\\/\",\"url\":\"https:\\\/\\\/trade-world-one.de\\\/wp-content\\\/uploads\\\/2023\\\/12\\\/two_logo_v2.webp\",\"contentUrl\":\"https:\\\/\\\/trade-world-one.de\\\/wp-content\\\/uploads\\\/2023\\\/12\\\/two_logo_v2.webp\",\"width\":196,\"height\":42,\"caption\":\"Trade World One GmbH\"},\"image\":{\"@id\":\"https:\\\/\\\/trade-world-one.de\\\/#\\\/schema\\\/logo\\\/image\\\/\"},\"sameAs\":[\"https:\\\/\\\/www.linkedin.com\\\/company\\\/tradeworldone\"]}]}<\/script>\n<!-- \/ Yoast SEO plugin. -->","yoast_head_json":{"title":"Impressum - Trade World One","robots":{"index":"index","follow":"follow","max-snippet":"max-snippet:-1","max-image-preview":"max-image-preview:large","max-video-preview":"max-video-preview:-1"},"canonical":"https:\/\/trade-world-one.de\/es\/imprimir\/","og_locale":"es_ES","og_type":"article","og_title":"Impressum - Trade World One","og_description":"Impressum Angaben gem\u00e4\u00df \u00a7 5 Digitale-Dienste-Gesetz (DDG) Diensteanbieter:Trade World One GmbH &amp; Co. KG Bonner Str. 367-37140589 D\u00fcsseldorfDeutschland Vertreten durch die pers\u00f6nlich haftende Gesellschafterin (Komplement\u00e4rin):Trade World One Beteiligungs GmbH Vertreten durch:Gesch\u00e4ftsf\u00fchrer: Rainer Schieck Kontakt:Fon: +49 (0) 211 515 81 70Fax: +49 (0) 211 515 81 728E-Mail: info@trade-world-one.de www.trade-world-one.de Registereintrag:Eintragung der Trade World One GmbH &amp; [&hellip;]","og_url":"https:\/\/trade-world-one.de\/es\/imprimir\/","og_site_name":"Trade World One","article_publisher":"https:\/\/www.linkedin.com\/company\/tradeworldone","article_modified_time":"2026-01-27T14:09:49+00:00","og_image":[{"width":1692,"height":338,"url":"https:\/\/trade-world-one.de\/wp-content\/uploads\/2023\/12\/Impressum.jpeg","type":"image\/jpeg"}],"twitter_card":"summary_large_image","twitter_misc":{"Est. reading time":"3 minutos"},"schema":{"@context":"https:\/\/schema.org","@graph":[{"@type":"WebPage","@id":"https:\/\/trade-world-one.de\/impressum\/","url":"https:\/\/trade-world-one.de\/impressum\/","name":"Impressum - Trade World One","isPartOf":{"@id":"https:\/\/trade-world-one.de\/#website"},"primaryImageOfPage":{"@id":"https:\/\/trade-world-one.de\/impressum\/#primaryimage"},"image":{"@id":"https:\/\/trade-world-one.de\/impressum\/#primaryimage"},"thumbnailUrl":"http:\/\/trade-world-one.de\/wp-content\/uploads\/2023\/12\/Impressum-1024x205.jpeg","datePublished":"2023-12-21T21:34:43+00:00","dateModified":"2026-01-27T14:09:49+00:00","breadcrumb":{"@id":"https:\/\/trade-world-one.de\/impressum\/#breadcrumb"},"inLanguage":"es","potentialAction":[{"@type":"ReadAction","target":["https:\/\/trade-world-one.de\/impressum\/"]}]},{"@type":"ImageObject","inLanguage":"es","@id":"https:\/\/trade-world-one.de\/impressum\/#primaryimage","url":"http:\/\/trade-world-one.de\/wp-content\/uploads\/2023\/12\/Impressum-1024x205.jpeg","contentUrl":"http:\/\/trade-world-one.de\/wp-content\/uploads\/2023\/12\/Impressum-1024x205.jpeg"},{"@type":"BreadcrumbList","@id":"https:\/\/trade-world-one.de\/impressum\/#breadcrumb","itemListElement":[{"@type":"ListItem","position":1,"name":"Startseite","item":"https:\/\/trade-world-one.de\/"},{"@type":"ListItem","position":2,"name":"Impressum"}]},{"@type":"WebSite","@id":"https:\/\/trade-world-one.de\/#website","url":"https:\/\/trade-world-one.de\/","name":"Trade World One GmbH","description":"Sus piezas para el \u00e9xito","publisher":{"@id":"https:\/\/trade-world-one.de\/#organization"},"potentialAction":[{"@type":"SearchAction","target":{"@type":"EntryPoint","urlTemplate":"https:\/\/trade-world-one.de\/?s={search_term_string}"},"query-input":{"@type":"PropertyValueSpecification","valueRequired":true,"valueName":"search_term_string"}}],"inLanguage":"es"},{"@type":"Organization","@id":"https:\/\/trade-world-one.de\/#organization","name":"Trade World One GmbH","url":"https:\/\/trade-world-one.de\/","logo":{"@type":"ImageObject","inLanguage":"es","@id":"https:\/\/trade-world-one.de\/#\/schema\/logo\/image\/","url":"https:\/\/trade-world-one.de\/wp-content\/uploads\/2023\/12\/two_logo_v2.webp","contentUrl":"https:\/\/trade-world-one.de\/wp-content\/uploads\/2023\/12\/two_logo_v2.webp","width":196,"height":42,"caption":"Trade World One GmbH"},"image":{"@id":"https:\/\/trade-world-one.de\/#\/schema\/logo\/image\/"},"sameAs":["https:\/\/www.linkedin.com\/company\/tradeworldone"]}]}},"_links":{"self":[{"href":"https:\/\/trade-world-one.de\/es\/wp-json\/wp\/v2\/pages\/825","targetHints":{"allow":["GET"]}}],"collection":[{"href":"https:\/\/trade-world-one.de\/es\/wp-json\/wp\/v2\/pages"}],"about":[{"href":"https:\/\/trade-world-one.de\/es\/wp-json\/wp\/v2\/types\/page"}],"author":[{"embeddable":true,"href":"https:\/\/trade-world-one.de\/es\/wp-json\/wp\/v2\/users\/1"}],"replies":[{"embeddable":true,"href":"https:\/\/trade-world-one.de\/es\/wp-json\/wp\/v2\/comments?post=825"}],"version-history":[{"count":19,"href":"https:\/\/trade-world-one.de\/es\/wp-json\/wp\/v2\/pages\/825\/revisions"}],"predecessor-version":[{"id":2220,"href":"https:\/\/trade-world-one.de\/es\/wp-json\/wp\/v2\/pages\/825\/revisions\/2220"}],"wp:attachment":[{"href":"https:\/\/trade-world-one.de\/es\/wp-json\/wp\/v2\/media?parent=825"}],"curies":[{"name":"wp","href":"https:\/\/api.w.org\/{rel}","templated":true}]}}