{"id":825,"date":"2023-12-21T21:34:43","date_gmt":"2023-12-21T21:34:43","guid":{"rendered":"https:\/\/trade-world-one.de\/?page_id=825"},"modified":"2026-01-27T14:09:49","modified_gmt":"2026-01-27T14:09:49","slug":"impressum","status":"publish","type":"page","link":"https:\/\/trade-world-one.de\/fi\/impressum\/","title":{"rendered":"Lakitiedot"},"content":{"rendered":"<figure class=\"wp-block-image alignfull size-large\"><img loading=\"lazy\" decoding=\"async\" width=\"1024\" height=\"205\" src=\"http:\/\/trade-world-one.de\/wp-content\/uploads\/2023\/12\/Impressum-1024x205.jpeg\" alt=\"\" class=\"wp-image-831\" srcset=\"https:\/\/trade-world-one.de\/wp-content\/uploads\/2023\/12\/Impressum-1024x205.jpeg 1024w, https:\/\/trade-world-one.de\/wp-content\/uploads\/2023\/12\/Impressum-300x60.jpeg 300w, https:\/\/trade-world-one.de\/wp-content\/uploads\/2023\/12\/Impressum-768x153.jpeg 768w, https:\/\/trade-world-one.de\/wp-content\/uploads\/2023\/12\/Impressum-1536x307.jpeg 1536w, https:\/\/trade-world-one.de\/wp-content\/uploads\/2023\/12\/Impressum.jpeg 1692w\" sizes=\"auto, (max-width: 1024px) 100vw, 1024px\" \/><\/figure>\n\n\n\n<div class=\"wp-block-stackable-heading stk-block-heading stk-block-heading--v2 stk-block stk-0ec741a\" id=\"impressum\" data-block-id=\"0ec741a\"><h2 class=\"stk-block-heading__text\">Lakitiedot<\/h2><\/div>\n\n\n\n<p class=\"has-medium-font-size\">Tiedot Saksan digitaalisia palveluita koskevan lain (DDG) 5 \u00a7:n mukaisesti<br><br>Palveluntarjoaja:<br><strong>Trade World One<\/strong> GmbH &amp; Co. KG<\/p>\n\n\n\n<p>Bonner Str. 367-371<br>40589 D\u00fcsseldorf<br>Saksa<br><br><strong>Edustajana henkil\u00f6kohtaisesti vastuullinen yhti\u00f6mies (komplementaari):<\/strong><br>Trade World One Beteiligungs GmbH<br><br><strong>Edustaja:<\/strong><br>Toimitusjohtaja: Rainer Schieck<\/p>\n\n\n\n<p><strong>Yhteystiedot:<br><\/strong>Puhelin: +49 (0) 211 515 81 70.<br>Faksi: +49 (0) 211 515 81 728.<br>S\u00e4hk\u00f6posti: <a href=\"mailto:info@trade-world-one.de\">info@trade-world-one.de<\/a><br><br><a href=\"https:\/\/trade-world-one.de\/fi\/\">www.trade-world-one.de<\/a><\/p>\n\n\n\n<div class=\"wp-block-columns is-layout-flex wp-container-core-columns-is-layout-28f84493 wp-block-columns-is-layout-flex\">\n<div class=\"wp-block-column is-layout-flow wp-block-column-is-layout-flow\" style=\"flex-basis:100%\">\n<p><strong>Rekisteritiedot:<\/strong><br><strong><br>Trade World One GmbH &amp; Co. KG:n merkint\u00e4 kaupparekisteriin:<br><\/strong>Rekisterituomioistuin: D\u00fcsseldorfin k\u00e4r\u00e4j\u00e4oikeus (Amtsgericht D\u00fcsseldorf)<br>Rekisterinumero: HRA 28364<br><br><strong>Trade World One Beteiligungs GmbH:n (komplementaari) merkint\u00e4 kaupparekisteriin:<\/strong><br>Rekisterituomioistuin: D\u00fcsseldorfin k\u00e4r\u00e4j\u00e4oikeus (Amtsgericht D\u00fcsseldorf)<br>Rekisterinumero: HRB 109782<br><br><strong>ALV-tunniste:<\/strong><br>Saksan arvonlis\u00e4verolain 27 a \u00a7:n mukaan:<br>DE459328687<\/p>\n\n\n\n<p><strong>EU-riidanratkaisu:<br><\/strong>Euroopan komissio tarjoaa verkkov\u00e4litteisen riidanratkaisufoorumin (ODR):<a href=\"https:\/\/ec.europa.eu\/consumers\/odr\/\"> https:\/\/ec.europa.eu\/consumers\/odr<\/a>.<br>S\u00e4hk\u00f6postiosoitteemme on <a href=\"mailto:info@trade-world-one.de\">info@trade-world-one.de<\/a><\/p>\n\n\n\n<p><strong>Kuluttajariitojen ratkaisu\/Yleinen sovittelulautakunta:<\/strong><br>Emme ole halukkaita emmek\u00e4 velvollisia osallistumaan riidanratkaisumenettelyihin kuluttajasovittelulautakunnassa.<br><\/p>\n\n\n\n<div class=\"wp-block-stackable-divider stk-block-divider stk-block stk-d815f15\" data-block-id=\"d815f15\"><hr class=\"stk-block-divider__hr\"\/><\/div>\n\n\n\n<p><strong>Vastuuvapauslauseke (Disclaimer)<\/strong><\/p>\n\n\n\n<p>Vastuu sis\u00e4ll\u00f6st\u00e4<\/p>\n\n\n\n<p>Palveluntarjoajana olemme DDG:n 7 \u00a7:n 1 momentin mukaisesti vastuussa omasta sis\u00e4ll\u00f6st\u00e4mme n\u00e4ill\u00e4 sivuilla yleisten lakien mukaisesti. DDG:n 8\u201310 \u00a7:n mukaan emme kuitenkaan ole palveluntarjoajana velvollisia valvomaan v\u00e4litettyj\u00e4 tai tallennettuja kolmansien osapuolten tietoja tai tutkimaan olosuhteita, jotka viittaavat laittomaan toimintaan. Velvollisuudet poistaa tai est\u00e4\u00e4 tietojen k\u00e4ytt\u00f6 yleisten lakien mukaisesti s\u00e4ilyv\u00e4t ennallaan. T\u00e4h\u00e4n liittyv\u00e4 vastuu on kuitenkin mahdollinen vasta siit\u00e4 hetkest\u00e4 alkaen, kun saamme tiedon konkreettisesta lainrikkomuksesta. Kun saamme tietoomme t\u00e4llaisia lainrikkomuksia, poistamme kyseisen sis\u00e4ll\u00f6n v\u00e4litt\u00f6m\u00e4sti.<\/p>\n\n\n\n<p>Vastuu linkeist\u00e4<\/p>\n\n\n\n<p>Tarjontamme sis\u00e4lt\u00e4\u00e4 linkkej\u00e4 kolmansien osapuolten ulkoisille verkkosivustoille, joiden sis\u00e4lt\u00f6\u00f6n emme voi vaikuttaa. Siksi emme voi ottaa vastuuta n\u00e4ist\u00e4 ulkoisista sis\u00e4ll\u00f6ist\u00e4. Linkitettyjen sivujen sis\u00e4ll\u00f6st\u00e4 vastaa aina kyseinen tarjoaja tai operaattori. Linkitetyt sivut on tarkistettu mahdollisten lainrikkomusten varalta linkityshetkell\u00e4. Laitonta sis\u00e4lt\u00f6\u00e4 ei ollut tunnistettavissa linkityshetkell\u00e4. Linkitettyjen sivujen jatkuva sis\u00e4ll\u00f6n valvonta ei kuitenkaan ole kohtuullista ilman konkreettisia viitteit\u00e4 lainrikkomuksesta. Jos saamme tietoomme lainrikkomuksia, poistamme t\u00e4llaiset linkit v\u00e4litt\u00f6m\u00e4sti.<\/p>\n\n\n\n<p>Tekij\u00e4noikeus<\/p>\n\n\n\n<p>Sivuston yll\u00e4pit\u00e4jien luoma sis\u00e4lt\u00f6 ja teokset n\u00e4ill\u00e4 sivuilla ovat Saksan tekij\u00e4noikeuslain alaisia. Kopiointi, muokkaaminen, levitt\u00e4minen ja kaikenlainen hy\u00f6dynt\u00e4minen tekij\u00e4noikeuslain rajojen ulkopuolella vaatii kyseisen tekij\u00e4n tai luojan kirjallisen suostumuksen. T\u00e4m\u00e4n sivuston lataukset ja kopiot on sallittu vain yksityiseen, ei-kaupalliseen k\u00e4ytt\u00f6\u00f6n. Sik\u00e4li kuin t\u00e4m\u00e4n sivuston sis\u00e4lt\u00f6\u00e4 ei ole luonut yll\u00e4pit\u00e4j\u00e4, kolmansien osapuolten tekij\u00e4noikeuksia kunnioitetaan. Erityisesti kolmansien osapuolten sis\u00e4lt\u00f6 on merkitty sellaiseksi. Jos kuitenkin huomaat tekij\u00e4noikeusrikkomuksen, pyyd\u00e4mme sinua ilmoittamaan siit\u00e4 meille. Jos saamme tietoomme rikkomuksia, poistamme kyseisen sis\u00e4ll\u00f6n v\u00e4litt\u00f6m\u00e4sti.<br><br>Kuva- ja l\u00e4hdeviitteet:<br><br>Kuva: Simon Berger: <a href=\"https:\/\/www.pexels.com\/de-de\/foto\/grauer-und-roter-eisenbahnzug-752718\/\">https:\/\/www.pexels.com\/de-de\/foto\/grauer-und-roter-eisenbahnzug-752718\/<\/a><br>Videon --&gt; Yunus KARA: <a href=\"https:\/\/www.pexels.com\/de-de\/video\/sonnenuntergang-wolken-baume-offentliche-verkehrsmittel-12628751\/\">https:\/\/www.pexels.com\/de-de\/video\/sonnenuntergang-wolken-baume-offentliche-verkehrsmittel-12628751\/<\/a><br>Kuva --&gt; <a href=\"https:\/\/unsplash.com\/de\/@soymeraki?utm_content=creditCopyText&amp;utm_medium=referral&amp;utm_source=unsplash\">Javier Allegue Barros<\/a> , <a href=\"https:\/\/unsplash.com\/de\/fotos\/silhouettenfotografie-von-menschen-die-sich-auf-klippen-versammelt-haben-i5Kx0P8A0d4?utm_content=creditCopyText&amp;utm_medium=referral&amp;utm_source=unsplash\">Unsplash<\/a><br><br>Jotkin t\u00e4m\u00e4n verkkosivuston kuvista on luotu tai muokattu teko\u00e4lyty\u00f6kalujen avulla. T\u00e4m\u00e4 on k\u00e4\u00e4nn\u00f6s. Ristiriitatilanteissa saksankielinen versio on ensisijainen.<br><br><strong>Tilanne: Elokuu 2025<\/strong><\/p>\n\n\n\n<div class=\"wp-block-stackable-spacer stk-block-spacer stk--no-padding stk-block stk-1a9a382\" data-block-id=\"1a9a382\"><style>.stk-1a9a382 {height:100px !important;}<\/style><\/div>\n<\/div>\n<\/div>","protected":false},"excerpt":{"rendered":"<p>Impressum Angaben gem\u00e4\u00df \u00a7 5 Digitale-Dienste-Gesetz (DDG) Diensteanbieter:Trade World One GmbH &amp; Co. KG Bonner Str. 367-37140589 D\u00fcsseldorfDeutschland Vertreten durch die pers\u00f6nlich haftende Gesellschafterin (Komplement\u00e4rin):Trade World One Beteiligungs GmbH Vertreten durch:Gesch\u00e4ftsf\u00fchrer: Rainer Schieck Kontakt:Fon: +49 (0) 211 515 81 70Fax: +49 (0) 211 515 81 728E-Mail: info@trade-world-one.de www.trade-world-one.de Registereintrag:Eintragung der Trade World One GmbH &amp; [&hellip;]<\/p>\n","protected":false},"author":1,"featured_media":0,"parent":0,"menu_order":0,"comment_status":"closed","ping_status":"closed","template":"","meta":{"footnotes":""},"class_list":["post-825","page","type-page","status-publish","hentry"],"blocksy_meta":{"disable_header":"no","disable_footer":"no","disable_featured_image":"no","disable_share_box":"no","styles_descriptor":{"styles":{"desktop":"","tablet":"","mobile":""},"google_fonts":[],"version":6}},"yoast_head":"<!-- This site is optimized with the Yoast SEO plugin v27.5 - https:\/\/yoast.com\/product\/yoast-seo-wordpress\/ -->\n<title>Impressum - Trade World One<\/title>\n<meta name=\"robots\" content=\"index, follow, max-snippet:-1, max-image-preview:large, max-video-preview:-1\" \/>\n<link rel=\"canonical\" href=\"https:\/\/trade-world-one.de\/fi\/impressum\/\" \/>\n<meta property=\"og:locale\" content=\"fi_FI\" \/>\n<meta property=\"og:type\" content=\"article\" \/>\n<meta property=\"og:title\" content=\"Impressum - Trade World One\" \/>\n<meta property=\"og:description\" content=\"Impressum Angaben gem\u00e4\u00df \u00a7 5 Digitale-Dienste-Gesetz (DDG) Diensteanbieter:Trade World One GmbH &amp; Co. KG Bonner Str. 367-37140589 D\u00fcsseldorfDeutschland Vertreten durch die pers\u00f6nlich haftende Gesellschafterin (Komplement\u00e4rin):Trade World One Beteiligungs GmbH Vertreten durch:Gesch\u00e4ftsf\u00fchrer: Rainer Schieck Kontakt:Fon: +49 (0) 211 515 81 70Fax: +49 (0) 211 515 81 728E-Mail: info@trade-world-one.de www.trade-world-one.de Registereintrag:Eintragung der Trade World One GmbH &amp; [&hellip;]\" \/>\n<meta property=\"og:url\" content=\"https:\/\/trade-world-one.de\/fi\/impressum\/\" \/>\n<meta property=\"og:site_name\" content=\"Trade World One\" \/>\n<meta property=\"article:publisher\" content=\"https:\/\/www.linkedin.com\/company\/tradeworldone\" \/>\n<meta property=\"article:modified_time\" content=\"2026-01-27T14:09:49+00:00\" \/>\n<meta property=\"og:image\" content=\"https:\/\/trade-world-one.de\/wp-content\/uploads\/2023\/12\/Impressum.jpeg\" \/>\n\t<meta property=\"og:image:width\" content=\"1692\" \/>\n\t<meta property=\"og:image:height\" content=\"338\" \/>\n\t<meta property=\"og:image:type\" content=\"image\/jpeg\" \/>\n<meta name=\"twitter:card\" content=\"summary_large_image\" \/>\n<meta name=\"twitter:label1\" content=\"Est. reading time\" \/>\n\t<meta name=\"twitter:data1\" content=\"3 minuuttia\" \/>\n<script type=\"application\/ld+json\" class=\"yoast-schema-graph\">{\"@context\":\"https:\\\/\\\/schema.org\",\"@graph\":[{\"@type\":\"WebPage\",\"@id\":\"https:\\\/\\\/trade-world-one.de\\\/impressum\\\/\",\"url\":\"https:\\\/\\\/trade-world-one.de\\\/impressum\\\/\",\"name\":\"Impressum - Trade World One\",\"isPartOf\":{\"@id\":\"https:\\\/\\\/trade-world-one.de\\\/#website\"},\"primaryImageOfPage\":{\"@id\":\"https:\\\/\\\/trade-world-one.de\\\/impressum\\\/#primaryimage\"},\"image\":{\"@id\":\"https:\\\/\\\/trade-world-one.de\\\/impressum\\\/#primaryimage\"},\"thumbnailUrl\":\"http:\\\/\\\/trade-world-one.de\\\/wp-content\\\/uploads\\\/2023\\\/12\\\/Impressum-1024x205.jpeg\",\"datePublished\":\"2023-12-21T21:34:43+00:00\",\"dateModified\":\"2026-01-27T14:09:49+00:00\",\"breadcrumb\":{\"@id\":\"https:\\\/\\\/trade-world-one.de\\\/impressum\\\/#breadcrumb\"},\"inLanguage\":\"fi\",\"potentialAction\":[{\"@type\":\"ReadAction\",\"target\":[\"https:\\\/\\\/trade-world-one.de\\\/impressum\\\/\"]}]},{\"@type\":\"ImageObject\",\"inLanguage\":\"fi\",\"@id\":\"https:\\\/\\\/trade-world-one.de\\\/impressum\\\/#primaryimage\",\"url\":\"http:\\\/\\\/trade-world-one.de\\\/wp-content\\\/uploads\\\/2023\\\/12\\\/Impressum-1024x205.jpeg\",\"contentUrl\":\"http:\\\/\\\/trade-world-one.de\\\/wp-content\\\/uploads\\\/2023\\\/12\\\/Impressum-1024x205.jpeg\"},{\"@type\":\"BreadcrumbList\",\"@id\":\"https:\\\/\\\/trade-world-one.de\\\/impressum\\\/#breadcrumb\",\"itemListElement\":[{\"@type\":\"ListItem\",\"position\":1,\"name\":\"Startseite\",\"item\":\"https:\\\/\\\/trade-world-one.de\\\/\"},{\"@type\":\"ListItem\",\"position\":2,\"name\":\"Impressum\"}]},{\"@type\":\"WebSite\",\"@id\":\"https:\\\/\\\/trade-world-one.de\\\/#website\",\"url\":\"https:\\\/\\\/trade-world-one.de\\\/\",\"name\":\"Trade World One GmbH\",\"description\":\"Your parts for success\",\"publisher\":{\"@id\":\"https:\\\/\\\/trade-world-one.de\\\/#organization\"},\"potentialAction\":[{\"@type\":\"SearchAction\",\"target\":{\"@type\":\"EntryPoint\",\"urlTemplate\":\"https:\\\/\\\/trade-world-one.de\\\/?s={search_term_string}\"},\"query-input\":{\"@type\":\"PropertyValueSpecification\",\"valueRequired\":true,\"valueName\":\"search_term_string\"}}],\"inLanguage\":\"fi\"},{\"@type\":\"Organization\",\"@id\":\"https:\\\/\\\/trade-world-one.de\\\/#organization\",\"name\":\"Trade World One GmbH\",\"url\":\"https:\\\/\\\/trade-world-one.de\\\/\",\"logo\":{\"@type\":\"ImageObject\",\"inLanguage\":\"fi\",\"@id\":\"https:\\\/\\\/trade-world-one.de\\\/#\\\/schema\\\/logo\\\/image\\\/\",\"url\":\"https:\\\/\\\/trade-world-one.de\\\/wp-content\\\/uploads\\\/2023\\\/12\\\/two_logo_v2.webp\",\"contentUrl\":\"https:\\\/\\\/trade-world-one.de\\\/wp-content\\\/uploads\\\/2023\\\/12\\\/two_logo_v2.webp\",\"width\":196,\"height\":42,\"caption\":\"Trade World One GmbH\"},\"image\":{\"@id\":\"https:\\\/\\\/trade-world-one.de\\\/#\\\/schema\\\/logo\\\/image\\\/\"},\"sameAs\":[\"https:\\\/\\\/www.linkedin.com\\\/company\\\/tradeworldone\"]}]}<\/script>\n<!-- \/ Yoast SEO plugin. -->","yoast_head_json":{"title":"Impressum - Trade World One","robots":{"index":"index","follow":"follow","max-snippet":"max-snippet:-1","max-image-preview":"max-image-preview:large","max-video-preview":"max-video-preview:-1"},"canonical":"https:\/\/trade-world-one.de\/fi\/impressum\/","og_locale":"fi_FI","og_type":"article","og_title":"Impressum - Trade World One","og_description":"Impressum Angaben gem\u00e4\u00df \u00a7 5 Digitale-Dienste-Gesetz (DDG) Diensteanbieter:Trade World One GmbH &amp; Co. KG Bonner Str. 367-37140589 D\u00fcsseldorfDeutschland Vertreten durch die pers\u00f6nlich haftende Gesellschafterin (Komplement\u00e4rin):Trade World One Beteiligungs GmbH Vertreten durch:Gesch\u00e4ftsf\u00fchrer: Rainer Schieck Kontakt:Fon: +49 (0) 211 515 81 70Fax: +49 (0) 211 515 81 728E-Mail: info@trade-world-one.de www.trade-world-one.de Registereintrag:Eintragung der Trade World One GmbH &amp; [&hellip;]","og_url":"https:\/\/trade-world-one.de\/fi\/impressum\/","og_site_name":"Trade World One","article_publisher":"https:\/\/www.linkedin.com\/company\/tradeworldone","article_modified_time":"2026-01-27T14:09:49+00:00","og_image":[{"width":1692,"height":338,"url":"https:\/\/trade-world-one.de\/wp-content\/uploads\/2023\/12\/Impressum.jpeg","type":"image\/jpeg"}],"twitter_card":"summary_large_image","twitter_misc":{"Est. reading time":"3 minuuttia"},"schema":{"@context":"https:\/\/schema.org","@graph":[{"@type":"WebPage","@id":"https:\/\/trade-world-one.de\/impressum\/","url":"https:\/\/trade-world-one.de\/impressum\/","name":"Impressum - Trade World One","isPartOf":{"@id":"https:\/\/trade-world-one.de\/#website"},"primaryImageOfPage":{"@id":"https:\/\/trade-world-one.de\/impressum\/#primaryimage"},"image":{"@id":"https:\/\/trade-world-one.de\/impressum\/#primaryimage"},"thumbnailUrl":"http:\/\/trade-world-one.de\/wp-content\/uploads\/2023\/12\/Impressum-1024x205.jpeg","datePublished":"2023-12-21T21:34:43+00:00","dateModified":"2026-01-27T14:09:49+00:00","breadcrumb":{"@id":"https:\/\/trade-world-one.de\/impressum\/#breadcrumb"},"inLanguage":"fi","potentialAction":[{"@type":"ReadAction","target":["https:\/\/trade-world-one.de\/impressum\/"]}]},{"@type":"ImageObject","inLanguage":"fi","@id":"https:\/\/trade-world-one.de\/impressum\/#primaryimage","url":"http:\/\/trade-world-one.de\/wp-content\/uploads\/2023\/12\/Impressum-1024x205.jpeg","contentUrl":"http:\/\/trade-world-one.de\/wp-content\/uploads\/2023\/12\/Impressum-1024x205.jpeg"},{"@type":"BreadcrumbList","@id":"https:\/\/trade-world-one.de\/impressum\/#breadcrumb","itemListElement":[{"@type":"ListItem","position":1,"name":"Startseite","item":"https:\/\/trade-world-one.de\/"},{"@type":"ListItem","position":2,"name":"Impressum"}]},{"@type":"WebSite","@id":"https:\/\/trade-world-one.de\/#website","url":"https:\/\/trade-world-one.de\/","name":"Trade World One GmbH","description":"Osat menestykseen","publisher":{"@id":"https:\/\/trade-world-one.de\/#organization"},"potentialAction":[{"@type":"SearchAction","target":{"@type":"EntryPoint","urlTemplate":"https:\/\/trade-world-one.de\/?s={search_term_string}"},"query-input":{"@type":"PropertyValueSpecification","valueRequired":true,"valueName":"search_term_string"}}],"inLanguage":"fi"},{"@type":"Organization","@id":"https:\/\/trade-world-one.de\/#organization","name":"Trade World One GmbH","url":"https:\/\/trade-world-one.de\/","logo":{"@type":"ImageObject","inLanguage":"fi","@id":"https:\/\/trade-world-one.de\/#\/schema\/logo\/image\/","url":"https:\/\/trade-world-one.de\/wp-content\/uploads\/2023\/12\/two_logo_v2.webp","contentUrl":"https:\/\/trade-world-one.de\/wp-content\/uploads\/2023\/12\/two_logo_v2.webp","width":196,"height":42,"caption":"Trade World One GmbH"},"image":{"@id":"https:\/\/trade-world-one.de\/#\/schema\/logo\/image\/"},"sameAs":["https:\/\/www.linkedin.com\/company\/tradeworldone"]}]}},"_links":{"self":[{"href":"https:\/\/trade-world-one.de\/fi\/wp-json\/wp\/v2\/pages\/825","targetHints":{"allow":["GET"]}}],"collection":[{"href":"https:\/\/trade-world-one.de\/fi\/wp-json\/wp\/v2\/pages"}],"about":[{"href":"https:\/\/trade-world-one.de\/fi\/wp-json\/wp\/v2\/types\/page"}],"author":[{"embeddable":true,"href":"https:\/\/trade-world-one.de\/fi\/wp-json\/wp\/v2\/users\/1"}],"replies":[{"embeddable":true,"href":"https:\/\/trade-world-one.de\/fi\/wp-json\/wp\/v2\/comments?post=825"}],"version-history":[{"count":19,"href":"https:\/\/trade-world-one.de\/fi\/wp-json\/wp\/v2\/pages\/825\/revisions"}],"predecessor-version":[{"id":2220,"href":"https:\/\/trade-world-one.de\/fi\/wp-json\/wp\/v2\/pages\/825\/revisions\/2220"}],"wp:attachment":[{"href":"https:\/\/trade-world-one.de\/fi\/wp-json\/wp\/v2\/media?parent=825"}],"curies":[{"name":"wp","href":"https:\/\/api.w.org\/{rel}","templated":true}]}}