{"id":825,"date":"2023-12-21T21:34:43","date_gmt":"2023-12-21T21:34:43","guid":{"rendered":"https:\/\/trade-world-one.de\/?page_id=825"},"modified":"2026-01-27T14:09:49","modified_gmt":"2026-01-27T14:09:49","slug":"impronta","status":"publish","type":"page","link":"https:\/\/trade-world-one.de\/it\/impronta\/","title":{"rendered":"Note legali"},"content":{"rendered":"<figure class=\"wp-block-image alignfull size-large\"><img loading=\"lazy\" decoding=\"async\" width=\"1024\" height=\"205\" src=\"http:\/\/trade-world-one.de\/wp-content\/uploads\/2023\/12\/Impressum-1024x205.jpeg\" alt=\"\" class=\"wp-image-831\" srcset=\"https:\/\/trade-world-one.de\/wp-content\/uploads\/2023\/12\/Impressum-1024x205.jpeg 1024w, https:\/\/trade-world-one.de\/wp-content\/uploads\/2023\/12\/Impressum-300x60.jpeg 300w, https:\/\/trade-world-one.de\/wp-content\/uploads\/2023\/12\/Impressum-768x153.jpeg 768w, https:\/\/trade-world-one.de\/wp-content\/uploads\/2023\/12\/Impressum-1536x307.jpeg 1536w, https:\/\/trade-world-one.de\/wp-content\/uploads\/2023\/12\/Impressum.jpeg 1692w\" sizes=\"auto, (max-width: 1024px) 100vw, 1024px\" \/><\/figure>\n\n\n\n<div class=\"wp-block-stackable-heading stk-block-heading stk-block-heading--v2 stk-block stk-0ec741a\" id=\"impressum\" data-block-id=\"0ec741a\"><h2 class=\"stk-block-heading__text\">Note legali<\/h2><\/div>\n\n\n\n<p class=\"has-medium-font-size\">Informazioni ai sensi del \u00a7 5 della legge tedesca sui servizi digitali (DDG)<br><br>Fornitore di servizi:<br><strong>Trade World One<\/strong> GmbH &amp; Co. KG<\/p>\n\n\n\n<p>Bonner Str. 367-371<br>40589 D\u00fcsseldorf<br>Germania<br><br><strong>Rappresentata dalla socia accomandataria:<\/strong><br>Trade World One Beteiligungs GmbH<br><br><strong>Rappresentato da:<\/strong><br>Amministratore: Rainer Schieck<\/p>\n\n\n\n<p><strong>Contatti:<br><\/strong>Telefono: +49 (0) 211 515 81 70<br>Fax: +49 (0) 211 515 81 728<br>Email: <a href=\"mailto:info@trade-world-one.de\">info@trade-world-one.de<\/a><br><br><a href=\"https:\/\/trade-world-one.de\/it\/\">www.trade-world-one.de<\/a><\/p>\n\n\n\n<div class=\"wp-block-columns is-layout-flex wp-container-core-columns-is-layout-28f84493 wp-block-columns-is-layout-flex\">\n<div class=\"wp-block-column is-layout-flow wp-block-column-is-layout-flow\" style=\"flex-basis:100%\">\n<p><strong>Iscrizione nel registro:<\/strong><br><strong><br>Iscrizione di Trade World One GmbH &amp; Co. KG nel Registro delle Imprese:<br><\/strong>Tribunale del registro: Tribunale di D\u00fcsseldorf (Amtsgericht D\u00fcsseldorf)<br>Numero di iscrizione: HRA 28364<br><br><strong>Iscrizione di Trade World One Beteiligungs GmbH (socia accomandataria) nel Registro delle Imprese:<\/strong><br>Tribunale del registro: Tribunale di D\u00fcsseldorf (Amtsgericht D\u00fcsseldorf)<br>Numero di iscrizione: HRB 109782<br><br><strong>Partita IVA:<\/strong><br>ai sensi del \u00a7 27 a della legge tedesca sull'IVA:<br>DE459328687<\/p>\n\n\n\n<p><strong>Risoluzione delle controversie UE:<br><\/strong>La Commissione Europea fornisce una piattaforma per la risoluzione online delle controversie (ODR):<a href=\"https:\/\/ec.europa.eu\/consumers\/odr\/\"> https:\/\/ec.europa.eu\/consumers\/odr<\/a>.<br>Il nostro indirizzo e-mail \u00e8 <a href=\"mailto:info@trade-world-one.de\">info@trade-world-one.de<\/a><\/p>\n\n\n\n<p><strong>Risoluzione delle controversie dei consumatori\/Organismo di arbitrato universale:<\/strong><br>Non siamo disposti n\u00e9 obbligati a partecipare a procedure di risoluzione delle controversie dinanzi a un organismo di arbitrato dei consumatori.<br><\/p>\n\n\n\n<div class=\"wp-block-stackable-divider stk-block-divider stk-block stk-d815f15\" data-block-id=\"d815f15\"><hr class=\"stk-block-divider__hr\"\/><\/div>\n\n\n\n<p><strong>Esclusione di responsabilit\u00e0 (Disclaimer)<\/strong><\/p>\n\n\n\n<p>Responsabilit\u00e0 per i contenuti<\/p>\n\n\n\n<p>In qualit\u00e0 di fornitori di servizi, siamo responsabili per i nostri contenuti su queste pagine ai sensi del \u00a7 7, co. 1 della DDG e delle leggi generali. Tuttavia, ai sensi dei \u00a7\u00a7 8-10 della DDG, in qualit\u00e0 di fornitori di servizi non siamo obbligati a monitorare le informazioni di terzi trasmesse o memorizzate o a indagare su circostanze che indichino un'attivit\u00e0 illegale. Gli obblighi di rimuovere o bloccare l'uso di informazioni secondo le leggi generali rimangono inalterati. Una responsabilit\u00e0 in tal senso \u00e8 tuttavia possibile solo dal momento della conoscenza di una violazione specifica. In caso di notifica di tali violazioni, rimuoveremo immediatamente questi contenuti.<\/p>\n\n\n\n<p>Responsabilit\u00e0 per i link<\/p>\n\n\n\n<p>La nostra offerta contiene link a siti web esterni di terzi, sui cui contenuti non abbiamo alcuna influenza. Pertanto, non possiamo assumerci alcuna responsabilit\u00e0 per questi contenuti esterni. Per i contenuti delle pagine collegate \u00e8 sempre responsabile il rispettivo fornitore o gestore delle pagine. Le pagine collegate sono state controllate al momento del collegamento per eventuali violazioni di legge. Contenuti illegali non erano riconoscibili al momento del collegamento. Tuttavia, un controllo permanente dei contenuti delle pagine collegate non \u00e8 ragionevole senza prove concrete di una violazione. In caso di notifica di violazioni, rimuoveremo immediatamente tali link.<\/p>\n\n\n\n<p>Diritto d\u2019autore<\/p>\n\n\n\n<p>I contenuti e le opere creati dai gestori del sito su queste pagine sono soggetti al diritto d'autore tedesco. La riproduzione, l'elaborazione, la distribuzione e qualsiasi tipo di sfruttamento al di fuori dei limiti del diritto d'autore richiedono il consenso scritto del rispettivo autore o creatore. Download e copie di questo sito sono consentiti solo per uso privato e non commerciale. Per quanto riguarda i contenuti di questo sito non creati dal gestore, vengono rispettati i diritti d'autore di terzi. In particolare, i contenuti di terzi sono contrassegnati come tali. Se doveste comunque notare una violazione del diritto d'autore, vi preghiamo di segnalarcelo. In caso di notifica di violazioni, rimuoveremo immediatamente tali contenuti.<br><br>Crediti per immagini e fonti:<br><br>Foto di Simon Berger: <a href=\"https:\/\/www.pexels.com\/de-de\/foto\/grauer-und-roter-eisenbahnzug-752718\/\">https:\/\/www.pexels.com\/de-de\/foto\/grauer-und-roter-eisenbahnzug-752718\/<\/a><br>Video di Yunus KARA: <a href=\"https:\/\/www.pexels.com\/de-de\/video\/sonnenuntergang-wolken-baume-offentliche-verkehrsmittel-12628751\/\">https:\/\/www.pexels.com\/de-de\/video\/sonnenuntergang-wolken-baume-offentliche-verkehrsmittel-12628751\/<\/a><br>Foto di <a href=\"https:\/\/unsplash.com\/de\/@soymeraki?utm_content=creditCopyText&amp;utm_medium=referral&amp;utm_source=unsplash\">Javier Allegue Barros<\/a> su <a href=\"https:\/\/unsplash.com\/de\/fotos\/silhouettenfotografie-von-menschen-die-sich-auf-klippen-versammelt-haben-i5Kx0P8A0d4?utm_content=creditCopyText&amp;utm_medium=referral&amp;utm_source=unsplash\">Unsplash<\/a><br><br>Alcune immagini su questo sito web sono state generate o modificate con l'ausilio di strumenti di IA. Questa \u00e8 una traduzione. In caso di discrepanze, prevarr\u00e0 la versione tedesca.<br><br><strong>Aggiornato a: Agosto 2025<\/strong><\/p>\n\n\n\n<div class=\"wp-block-stackable-spacer stk-block-spacer stk--no-padding stk-block stk-1a9a382\" data-block-id=\"1a9a382\"><style>.stk-1a9a382 {height:100px !important;}<\/style><\/div>\n<\/div>\n<\/div>","protected":false},"excerpt":{"rendered":"<p>Impressum Angaben gem\u00e4\u00df \u00a7 5 Digitale-Dienste-Gesetz (DDG) Diensteanbieter:Trade World One GmbH &amp; Co. KG Bonner Str. 367-37140589 D\u00fcsseldorfDeutschland Vertreten durch die pers\u00f6nlich haftende Gesellschafterin (Komplement\u00e4rin):Trade World One Beteiligungs GmbH Vertreten durch:Gesch\u00e4ftsf\u00fchrer: Rainer Schieck Kontakt:Fon: +49 (0) 211 515 81 70Fax: +49 (0) 211 515 81 728E-Mail: info@trade-world-one.de www.trade-world-one.de Registereintrag:Eintragung der Trade World One GmbH &amp; [&hellip;]<\/p>\n","protected":false},"author":1,"featured_media":0,"parent":0,"menu_order":0,"comment_status":"closed","ping_status":"closed","template":"","meta":{"footnotes":""},"class_list":["post-825","page","type-page","status-publish","hentry"],"blocksy_meta":{"disable_header":"no","disable_footer":"no","disable_featured_image":"no","disable_share_box":"no","styles_descriptor":{"styles":{"desktop":"","tablet":"","mobile":""},"google_fonts":[],"version":6}},"yoast_head":"<!-- This site is optimized with the Yoast SEO plugin v27.5 - https:\/\/yoast.com\/product\/yoast-seo-wordpress\/ -->\n<title>Impressum - Trade World One<\/title>\n<meta name=\"robots\" content=\"index, follow, max-snippet:-1, max-image-preview:large, max-video-preview:-1\" \/>\n<link rel=\"canonical\" href=\"https:\/\/trade-world-one.de\/it\/impronta\/\" \/>\n<meta property=\"og:locale\" content=\"it_IT\" \/>\n<meta property=\"og:type\" content=\"article\" \/>\n<meta property=\"og:title\" content=\"Impressum - Trade World One\" \/>\n<meta property=\"og:description\" content=\"Impressum Angaben gem\u00e4\u00df \u00a7 5 Digitale-Dienste-Gesetz (DDG) Diensteanbieter:Trade World One GmbH &amp; Co. KG Bonner Str. 367-37140589 D\u00fcsseldorfDeutschland Vertreten durch die pers\u00f6nlich haftende Gesellschafterin (Komplement\u00e4rin):Trade World One Beteiligungs GmbH Vertreten durch:Gesch\u00e4ftsf\u00fchrer: Rainer Schieck Kontakt:Fon: +49 (0) 211 515 81 70Fax: +49 (0) 211 515 81 728E-Mail: info@trade-world-one.de www.trade-world-one.de Registereintrag:Eintragung der Trade World One GmbH &amp; [&hellip;]\" \/>\n<meta property=\"og:url\" content=\"https:\/\/trade-world-one.de\/it\/impronta\/\" \/>\n<meta property=\"og:site_name\" content=\"Trade World One\" \/>\n<meta property=\"article:publisher\" content=\"https:\/\/www.linkedin.com\/company\/tradeworldone\" \/>\n<meta property=\"article:modified_time\" content=\"2026-01-27T14:09:49+00:00\" \/>\n<meta property=\"og:image\" content=\"https:\/\/trade-world-one.de\/wp-content\/uploads\/2023\/12\/Impressum.jpeg\" \/>\n\t<meta property=\"og:image:width\" content=\"1692\" \/>\n\t<meta property=\"og:image:height\" content=\"338\" \/>\n\t<meta property=\"og:image:type\" content=\"image\/jpeg\" \/>\n<meta name=\"twitter:card\" content=\"summary_large_image\" \/>\n<meta name=\"twitter:label1\" content=\"Est. reading time\" \/>\n\t<meta name=\"twitter:data1\" content=\"3 minuti\" \/>\n<script type=\"application\/ld+json\" class=\"yoast-schema-graph\">{\"@context\":\"https:\\\/\\\/schema.org\",\"@graph\":[{\"@type\":\"WebPage\",\"@id\":\"https:\\\/\\\/trade-world-one.de\\\/impressum\\\/\",\"url\":\"https:\\\/\\\/trade-world-one.de\\\/impressum\\\/\",\"name\":\"Impressum - Trade World One\",\"isPartOf\":{\"@id\":\"https:\\\/\\\/trade-world-one.de\\\/#website\"},\"primaryImageOfPage\":{\"@id\":\"https:\\\/\\\/trade-world-one.de\\\/impressum\\\/#primaryimage\"},\"image\":{\"@id\":\"https:\\\/\\\/trade-world-one.de\\\/impressum\\\/#primaryimage\"},\"thumbnailUrl\":\"http:\\\/\\\/trade-world-one.de\\\/wp-content\\\/uploads\\\/2023\\\/12\\\/Impressum-1024x205.jpeg\",\"datePublished\":\"2023-12-21T21:34:43+00:00\",\"dateModified\":\"2026-01-27T14:09:49+00:00\",\"breadcrumb\":{\"@id\":\"https:\\\/\\\/trade-world-one.de\\\/impressum\\\/#breadcrumb\"},\"inLanguage\":\"it-IT\",\"potentialAction\":[{\"@type\":\"ReadAction\",\"target\":[\"https:\\\/\\\/trade-world-one.de\\\/impressum\\\/\"]}]},{\"@type\":\"ImageObject\",\"inLanguage\":\"it-IT\",\"@id\":\"https:\\\/\\\/trade-world-one.de\\\/impressum\\\/#primaryimage\",\"url\":\"http:\\\/\\\/trade-world-one.de\\\/wp-content\\\/uploads\\\/2023\\\/12\\\/Impressum-1024x205.jpeg\",\"contentUrl\":\"http:\\\/\\\/trade-world-one.de\\\/wp-content\\\/uploads\\\/2023\\\/12\\\/Impressum-1024x205.jpeg\"},{\"@type\":\"BreadcrumbList\",\"@id\":\"https:\\\/\\\/trade-world-one.de\\\/impressum\\\/#breadcrumb\",\"itemListElement\":[{\"@type\":\"ListItem\",\"position\":1,\"name\":\"Startseite\",\"item\":\"https:\\\/\\\/trade-world-one.de\\\/\"},{\"@type\":\"ListItem\",\"position\":2,\"name\":\"Impressum\"}]},{\"@type\":\"WebSite\",\"@id\":\"https:\\\/\\\/trade-world-one.de\\\/#website\",\"url\":\"https:\\\/\\\/trade-world-one.de\\\/\",\"name\":\"Trade World One GmbH\",\"description\":\"Your parts for success\",\"publisher\":{\"@id\":\"https:\\\/\\\/trade-world-one.de\\\/#organization\"},\"potentialAction\":[{\"@type\":\"SearchAction\",\"target\":{\"@type\":\"EntryPoint\",\"urlTemplate\":\"https:\\\/\\\/trade-world-one.de\\\/?s={search_term_string}\"},\"query-input\":{\"@type\":\"PropertyValueSpecification\",\"valueRequired\":true,\"valueName\":\"search_term_string\"}}],\"inLanguage\":\"it-IT\"},{\"@type\":\"Organization\",\"@id\":\"https:\\\/\\\/trade-world-one.de\\\/#organization\",\"name\":\"Trade World One GmbH\",\"url\":\"https:\\\/\\\/trade-world-one.de\\\/\",\"logo\":{\"@type\":\"ImageObject\",\"inLanguage\":\"it-IT\",\"@id\":\"https:\\\/\\\/trade-world-one.de\\\/#\\\/schema\\\/logo\\\/image\\\/\",\"url\":\"https:\\\/\\\/trade-world-one.de\\\/wp-content\\\/uploads\\\/2023\\\/12\\\/two_logo_v2.webp\",\"contentUrl\":\"https:\\\/\\\/trade-world-one.de\\\/wp-content\\\/uploads\\\/2023\\\/12\\\/two_logo_v2.webp\",\"width\":196,\"height\":42,\"caption\":\"Trade World One GmbH\"},\"image\":{\"@id\":\"https:\\\/\\\/trade-world-one.de\\\/#\\\/schema\\\/logo\\\/image\\\/\"},\"sameAs\":[\"https:\\\/\\\/www.linkedin.com\\\/company\\\/tradeworldone\"]}]}<\/script>\n<!-- \/ Yoast SEO plugin. -->","yoast_head_json":{"title":"Impressum - Trade World One","robots":{"index":"index","follow":"follow","max-snippet":"max-snippet:-1","max-image-preview":"max-image-preview:large","max-video-preview":"max-video-preview:-1"},"canonical":"https:\/\/trade-world-one.de\/it\/impronta\/","og_locale":"it_IT","og_type":"article","og_title":"Impressum - Trade World One","og_description":"Impressum Angaben gem\u00e4\u00df \u00a7 5 Digitale-Dienste-Gesetz (DDG) Diensteanbieter:Trade World One GmbH &amp; Co. KG Bonner Str. 367-37140589 D\u00fcsseldorfDeutschland Vertreten durch die pers\u00f6nlich haftende Gesellschafterin (Komplement\u00e4rin):Trade World One Beteiligungs GmbH Vertreten durch:Gesch\u00e4ftsf\u00fchrer: Rainer Schieck Kontakt:Fon: +49 (0) 211 515 81 70Fax: +49 (0) 211 515 81 728E-Mail: info@trade-world-one.de www.trade-world-one.de Registereintrag:Eintragung der Trade World One GmbH &amp; [&hellip;]","og_url":"https:\/\/trade-world-one.de\/it\/impronta\/","og_site_name":"Trade World One","article_publisher":"https:\/\/www.linkedin.com\/company\/tradeworldone","article_modified_time":"2026-01-27T14:09:49+00:00","og_image":[{"width":1692,"height":338,"url":"https:\/\/trade-world-one.de\/wp-content\/uploads\/2023\/12\/Impressum.jpeg","type":"image\/jpeg"}],"twitter_card":"summary_large_image","twitter_misc":{"Est. reading time":"3 minuti"},"schema":{"@context":"https:\/\/schema.org","@graph":[{"@type":"WebPage","@id":"https:\/\/trade-world-one.de\/impressum\/","url":"https:\/\/trade-world-one.de\/impressum\/","name":"Impressum - Trade World One","isPartOf":{"@id":"https:\/\/trade-world-one.de\/#website"},"primaryImageOfPage":{"@id":"https:\/\/trade-world-one.de\/impressum\/#primaryimage"},"image":{"@id":"https:\/\/trade-world-one.de\/impressum\/#primaryimage"},"thumbnailUrl":"http:\/\/trade-world-one.de\/wp-content\/uploads\/2023\/12\/Impressum-1024x205.jpeg","datePublished":"2023-12-21T21:34:43+00:00","dateModified":"2026-01-27T14:09:49+00:00","breadcrumb":{"@id":"https:\/\/trade-world-one.de\/impressum\/#breadcrumb"},"inLanguage":"it-IT","potentialAction":[{"@type":"ReadAction","target":["https:\/\/trade-world-one.de\/impressum\/"]}]},{"@type":"ImageObject","inLanguage":"it-IT","@id":"https:\/\/trade-world-one.de\/impressum\/#primaryimage","url":"http:\/\/trade-world-one.de\/wp-content\/uploads\/2023\/12\/Impressum-1024x205.jpeg","contentUrl":"http:\/\/trade-world-one.de\/wp-content\/uploads\/2023\/12\/Impressum-1024x205.jpeg"},{"@type":"BreadcrumbList","@id":"https:\/\/trade-world-one.de\/impressum\/#breadcrumb","itemListElement":[{"@type":"ListItem","position":1,"name":"Startseite","item":"https:\/\/trade-world-one.de\/"},{"@type":"ListItem","position":2,"name":"Impressum"}]},{"@type":"WebSite","@id":"https:\/\/trade-world-one.de\/#website","url":"https:\/\/trade-world-one.de\/","name":"Trade World One GmbH","description":"Le vostre parti per il successo","publisher":{"@id":"https:\/\/trade-world-one.de\/#organization"},"potentialAction":[{"@type":"SearchAction","target":{"@type":"EntryPoint","urlTemplate":"https:\/\/trade-world-one.de\/?s={search_term_string}"},"query-input":{"@type":"PropertyValueSpecification","valueRequired":true,"valueName":"search_term_string"}}],"inLanguage":"it-IT"},{"@type":"Organization","@id":"https:\/\/trade-world-one.de\/#organization","name":"Trade World One GmbH","url":"https:\/\/trade-world-one.de\/","logo":{"@type":"ImageObject","inLanguage":"it-IT","@id":"https:\/\/trade-world-one.de\/#\/schema\/logo\/image\/","url":"https:\/\/trade-world-one.de\/wp-content\/uploads\/2023\/12\/two_logo_v2.webp","contentUrl":"https:\/\/trade-world-one.de\/wp-content\/uploads\/2023\/12\/two_logo_v2.webp","width":196,"height":42,"caption":"Trade World One GmbH"},"image":{"@id":"https:\/\/trade-world-one.de\/#\/schema\/logo\/image\/"},"sameAs":["https:\/\/www.linkedin.com\/company\/tradeworldone"]}]}},"_links":{"self":[{"href":"https:\/\/trade-world-one.de\/it\/wp-json\/wp\/v2\/pages\/825","targetHints":{"allow":["GET"]}}],"collection":[{"href":"https:\/\/trade-world-one.de\/it\/wp-json\/wp\/v2\/pages"}],"about":[{"href":"https:\/\/trade-world-one.de\/it\/wp-json\/wp\/v2\/types\/page"}],"author":[{"embeddable":true,"href":"https:\/\/trade-world-one.de\/it\/wp-json\/wp\/v2\/users\/1"}],"replies":[{"embeddable":true,"href":"https:\/\/trade-world-one.de\/it\/wp-json\/wp\/v2\/comments?post=825"}],"version-history":[{"count":19,"href":"https:\/\/trade-world-one.de\/it\/wp-json\/wp\/v2\/pages\/825\/revisions"}],"predecessor-version":[{"id":2220,"href":"https:\/\/trade-world-one.de\/it\/wp-json\/wp\/v2\/pages\/825\/revisions\/2220"}],"wp:attachment":[{"href":"https:\/\/trade-world-one.de\/it\/wp-json\/wp\/v2\/media?parent=825"}],"curies":[{"name":"wp","href":"https:\/\/api.w.org\/{rel}","templated":true}]}}