{"id":825,"date":"2023-12-21T21:34:43","date_gmt":"2023-12-21T21:34:43","guid":{"rendered":"https:\/\/trade-world-one.de\/?page_id=825"},"modified":"2026-01-27T14:09:49","modified_gmt":"2026-01-27T14:09:49","slug":"opdruk","status":"publish","type":"page","link":"https:\/\/trade-world-one.de\/nl\/opdruk\/","title":{"rendered":"Juridische informatie"},"content":{"rendered":"<figure class=\"wp-block-image alignfull size-large\"><img loading=\"lazy\" decoding=\"async\" width=\"1024\" height=\"205\" src=\"http:\/\/trade-world-one.de\/wp-content\/uploads\/2023\/12\/Impressum-1024x205.jpeg\" alt=\"\" class=\"wp-image-831\" srcset=\"https:\/\/trade-world-one.de\/wp-content\/uploads\/2023\/12\/Impressum-1024x205.jpeg 1024w, https:\/\/trade-world-one.de\/wp-content\/uploads\/2023\/12\/Impressum-300x60.jpeg 300w, https:\/\/trade-world-one.de\/wp-content\/uploads\/2023\/12\/Impressum-768x153.jpeg 768w, https:\/\/trade-world-one.de\/wp-content\/uploads\/2023\/12\/Impressum-1536x307.jpeg 1536w, https:\/\/trade-world-one.de\/wp-content\/uploads\/2023\/12\/Impressum.jpeg 1692w\" sizes=\"auto, (max-width: 1024px) 100vw, 1024px\" \/><\/figure>\n\n\n\n<div class=\"wp-block-stackable-heading stk-block-heading stk-block-heading--v2 stk-block stk-0ec741a\" id=\"impressum\" data-block-id=\"0ec741a\"><h2 class=\"stk-block-heading__text\">Juridische informatie<\/h2><\/div>\n\n\n\n<p class=\"has-medium-font-size\">Informatie conform \u00a7 5 van de Duitse wet op digitale diensten (DDG)<br><br>Dienstverlener:<br><strong>Trade World One<\/strong> GmbH &amp; Co. KG<\/p>\n\n\n\n<p>Bonner Str. 367-371<br>40589 D\u00fcsseldorf<br>Duitsland<br><br><strong>Vertegenwoordigd door de persoonlijk aansprakelijke vennoot (complementaris):<\/strong><br>Trade World One Beteiligungs GmbH<br><br><strong>Vertegenwoordigd door:<\/strong><br>Directeur: Rainer Schieck<\/p>\n\n\n\n<p><strong>Contact:<br><\/strong>Telefoon: +49 (0) 211 515 81 70<br>Fax: +49 (0) 211 515 81 728<br>E-mail: <a href=\"mailto:info@trade-world-one.de\">info@trade-world-one.de<\/a><br><br><a href=\"https:\/\/trade-world-one.de\/nl\/\">www.trade-world-one.de<\/a><\/p>\n\n\n\n<div class=\"wp-block-columns is-layout-flex wp-container-core-columns-is-layout-28f84493 wp-block-columns-is-layout-flex\">\n<div class=\"wp-block-column is-layout-flow wp-block-column-is-layout-flow\" style=\"flex-basis:100%\">\n<p><strong>Registervermelding:<\/strong><br><strong><br>Inschrijving van Trade World One GmbH &amp; Co. KG in het Handelsregister:<br><\/strong>Bevoegde rechtbank: Amtsgericht D\u00fcsseldorf<br>Registratienummer: HRA 28364<br><br><strong>Inschrijving van Trade World One Beteiligungs GmbH (complementaris) in het Handelsregister:<\/strong><br>Bevoegde rechtbank: Amtsgericht D\u00fcsseldorf<br>Registratienummer: HRB 109782<br><br><strong>Btw-identificatienummer:<\/strong><br>volgens \u00a7 27a UStG:<br>DE459328687<\/p>\n\n\n\n<p><strong>EU-geschillenbeslechting:<br><\/strong>De Europese Commissie biedt een platform voor online geschillenbeslechting (ODR):<a href=\"https:\/\/ec.europa.eu\/consumers\/odr\/\"> https:\/\/ec.europa.eu\/consumers\/odr<\/a>.<br>Ons e-mailadres is <a href=\"mailto:info@trade-world-one.de\">info@trade-world-one.de<\/a><\/p>\n\n\n\n<p><strong>Geschillenbeslechting voor consumenten\/Universele geschillencommissie:<\/strong><br>Wij zijn niet bereid of verplicht om deel te nemen aan geschillenbeslechtingsprocedures voor een consumentengeschillencommissie.<br><\/p>\n\n\n\n<div class=\"wp-block-stackable-divider stk-block-divider stk-block stk-d815f15\" data-block-id=\"d815f15\"><hr class=\"stk-block-divider__hr\"\/><\/div>\n\n\n\n<p><strong>Disclaimer<\/strong><\/p>\n\n\n\n<p>Aansprakelijkheid voor inhoud<\/p>\n\n\n\n<p>Als dienstverlener zijn wij conform \u00a7 7 lid 1 DDG verantwoordelijk voor eigen inhoud op deze pagina's volgens de algemene wetten. Volgens \u00a7\u00a7 8 tot 10 DDG zijn wij als dienstverlener echter niet verplicht om doorgegeven of opgeslagen informatie van derden te controleren of omstandigheden te onderzoeken die op illegale activiteiten duiden. Verplichtingen om informatie te verwijderen of het gebruik ervan te blokkeren volgens de algemene wetten blijven hierdoor onaangetast. Aansprakelijkheid in dit opzicht is echter pas mogelijk vanaf het moment van kennis van een specifieke wetsovertreding. Zodra we kennis nemen van dergelijke overtredingen, zullen we deze inhoud onmiddellijk verwijderen.<\/p>\n\n\n\n<p>Aansprakelijkheid voor links<\/p>\n\n\n\n<p>Ons aanbod bevat links naar externe websites van derden, op de inhoud waarvan wij geen invloed hebben. Daarom kunnen wij voor deze externe inhoud geen aansprakelijkheid aanvaarden. Voor de inhoud van de gelinkte pagina's is altijd de desbetreffende aanbieder of exploitant van de pagina's verantwoordelijk. De gelinkte pagina's werden op het moment van linken gecontroleerd op mogelijke wetsovertredingen. Illegale inhoud was op het moment van linken niet herkenbaar. Een permanente controle van de inhoud van de gelinkte pagina's is echter niet redelijk zonder concrete aanwijzingen voor een overtreding. Als wij kennis krijgen van wetsovertredingen, zullen wij dergelijke links onmiddellijk verwijderen.<\/p>\n\n\n\n<p>Auteursrecht<\/p>\n\n\n\n<p>De door de sitebeheerders op deze pagina's gecre\u00eberde inhoud en werken vallen onder het Duitse auteursrecht. Voor vermenigvuldiging, bewerking, verspreiding en elke vorm van gebruik buiten de grenzen van het auteursrecht is de schriftelijke toestemming van de betreffende auteur of maker vereist. Downloads en kopie\u00ebn van deze site zijn alleen toegestaan voor priv\u00e9-, niet-commercieel gebruik. Voor zover de inhoud op deze site niet door de exploitant is gemaakt, worden de auteursrechten van derden gerespecteerd. Inhoud van derden wordt als zodanig aangeduid. Mocht u desondanks een inbreuk op het auteursrecht constateren, dan verzoeken wij u ons hiervan op de hoogte te stellen. Als wij kennis nemen van inbreuken, zullen wij dergelijke inhoud onmiddellijk verwijderen.<br><br>Bronnen van afbeeldingen:<br><br>Foto van Simon Berger: <a href=\"https:\/\/www.pexels.com\/de-de\/foto\/grauer-und-roter-eisenbahnzug-752718\/\">https:\/\/www.pexels.com\/de-de\/foto\/grauer-und-roter-eisenbahnzug-752718\/<\/a><br>Video van Yunus KARA: <a href=\"https:\/\/www.pexels.com\/de-de\/video\/sonnenuntergang-wolken-baume-offentliche-verkehrsmittel-12628751\/\">https:\/\/www.pexels.com\/de-de\/video\/sonnenuntergang-wolken-baume-offentliche-verkehrsmittel-12628751\/<\/a><br>Foto van <a href=\"https:\/\/unsplash.com\/de\/@soymeraki?utm_content=creditCopyText&amp;utm_medium=referral&amp;utm_source=unsplash\">Javier Allegue Barros<\/a> op <a href=\"https:\/\/unsplash.com\/de\/fotos\/silhouettenfotografie-von-menschen-die-sich-auf-klippen-versammelt-haben-i5Kx0P8A0d4?utm_content=creditCopyText&amp;utm_medium=referral&amp;utm_source=unsplash\">Unsplash<\/a><br><br>Sommige afbeeldingen op deze website zijn gegenereerd of bewerkt met behulp van AI-tools. Dit is een vertaling. In geval van afwijkingen prevaleert de Duitse originele versie.<br><br><strong>Stand: Augustus 2025<\/strong><\/p>\n\n\n\n<div class=\"wp-block-stackable-spacer stk-block-spacer stk--no-padding stk-block stk-1a9a382\" data-block-id=\"1a9a382\"><style>.stk-1a9a382 {height:100px !important;}<\/style><\/div>\n<\/div>\n<\/div>","protected":false},"excerpt":{"rendered":"<p>Impressum Angaben gem\u00e4\u00df \u00a7 5 Digitale-Dienste-Gesetz (DDG) Diensteanbieter:Trade World One GmbH &amp; Co. KG Bonner Str. 367-37140589 D\u00fcsseldorfDeutschland Vertreten durch die pers\u00f6nlich haftende Gesellschafterin (Komplement\u00e4rin):Trade World One Beteiligungs GmbH Vertreten durch:Gesch\u00e4ftsf\u00fchrer: Rainer Schieck Kontakt:Fon: +49 (0) 211 515 81 70Fax: +49 (0) 211 515 81 728E-Mail: info@trade-world-one.de www.trade-world-one.de Registereintrag:Eintragung der Trade World One GmbH &amp; [&hellip;]<\/p>\n","protected":false},"author":1,"featured_media":0,"parent":0,"menu_order":0,"comment_status":"closed","ping_status":"closed","template":"","meta":{"footnotes":""},"class_list":["post-825","page","type-page","status-publish","hentry"],"blocksy_meta":{"disable_header":"no","disable_footer":"no","disable_featured_image":"no","disable_share_box":"no","styles_descriptor":{"styles":{"desktop":"","tablet":"","mobile":""},"google_fonts":[],"version":6}},"yoast_head":"<!-- This site is optimized with the Yoast SEO plugin v27.5 - https:\/\/yoast.com\/product\/yoast-seo-wordpress\/ -->\n<title>Impressum - Trade World One<\/title>\n<meta name=\"robots\" content=\"index, follow, max-snippet:-1, max-image-preview:large, max-video-preview:-1\" \/>\n<link rel=\"canonical\" href=\"https:\/\/trade-world-one.de\/nl\/opdruk\/\" \/>\n<meta property=\"og:locale\" content=\"nl_NL\" \/>\n<meta property=\"og:type\" content=\"article\" \/>\n<meta property=\"og:title\" content=\"Impressum - Trade World One\" \/>\n<meta property=\"og:description\" content=\"Impressum Angaben gem\u00e4\u00df \u00a7 5 Digitale-Dienste-Gesetz (DDG) Diensteanbieter:Trade World One GmbH &amp; Co. KG Bonner Str. 367-37140589 D\u00fcsseldorfDeutschland Vertreten durch die pers\u00f6nlich haftende Gesellschafterin (Komplement\u00e4rin):Trade World One Beteiligungs GmbH Vertreten durch:Gesch\u00e4ftsf\u00fchrer: Rainer Schieck Kontakt:Fon: +49 (0) 211 515 81 70Fax: +49 (0) 211 515 81 728E-Mail: info@trade-world-one.de www.trade-world-one.de Registereintrag:Eintragung der Trade World One GmbH &amp; [&hellip;]\" \/>\n<meta property=\"og:url\" content=\"https:\/\/trade-world-one.de\/nl\/opdruk\/\" \/>\n<meta property=\"og:site_name\" content=\"Trade World One\" \/>\n<meta property=\"article:publisher\" content=\"https:\/\/www.linkedin.com\/company\/tradeworldone\" \/>\n<meta property=\"article:modified_time\" content=\"2026-01-27T14:09:49+00:00\" \/>\n<meta property=\"og:image\" content=\"https:\/\/trade-world-one.de\/wp-content\/uploads\/2023\/12\/Impressum.jpeg\" \/>\n\t<meta property=\"og:image:width\" content=\"1692\" \/>\n\t<meta property=\"og:image:height\" content=\"338\" \/>\n\t<meta property=\"og:image:type\" content=\"image\/jpeg\" \/>\n<meta name=\"twitter:card\" content=\"summary_large_image\" \/>\n<meta name=\"twitter:label1\" content=\"Est. reading time\" \/>\n\t<meta name=\"twitter:data1\" content=\"3 minuten\" \/>\n<script type=\"application\/ld+json\" class=\"yoast-schema-graph\">{\"@context\":\"https:\\\/\\\/schema.org\",\"@graph\":[{\"@type\":\"WebPage\",\"@id\":\"https:\\\/\\\/trade-world-one.de\\\/impressum\\\/\",\"url\":\"https:\\\/\\\/trade-world-one.de\\\/impressum\\\/\",\"name\":\"Impressum - Trade World One\",\"isPartOf\":{\"@id\":\"https:\\\/\\\/trade-world-one.de\\\/#website\"},\"primaryImageOfPage\":{\"@id\":\"https:\\\/\\\/trade-world-one.de\\\/impressum\\\/#primaryimage\"},\"image\":{\"@id\":\"https:\\\/\\\/trade-world-one.de\\\/impressum\\\/#primaryimage\"},\"thumbnailUrl\":\"http:\\\/\\\/trade-world-one.de\\\/wp-content\\\/uploads\\\/2023\\\/12\\\/Impressum-1024x205.jpeg\",\"datePublished\":\"2023-12-21T21:34:43+00:00\",\"dateModified\":\"2026-01-27T14:09:49+00:00\",\"breadcrumb\":{\"@id\":\"https:\\\/\\\/trade-world-one.de\\\/impressum\\\/#breadcrumb\"},\"inLanguage\":\"nl-NL\",\"potentialAction\":[{\"@type\":\"ReadAction\",\"target\":[\"https:\\\/\\\/trade-world-one.de\\\/impressum\\\/\"]}]},{\"@type\":\"ImageObject\",\"inLanguage\":\"nl-NL\",\"@id\":\"https:\\\/\\\/trade-world-one.de\\\/impressum\\\/#primaryimage\",\"url\":\"http:\\\/\\\/trade-world-one.de\\\/wp-content\\\/uploads\\\/2023\\\/12\\\/Impressum-1024x205.jpeg\",\"contentUrl\":\"http:\\\/\\\/trade-world-one.de\\\/wp-content\\\/uploads\\\/2023\\\/12\\\/Impressum-1024x205.jpeg\"},{\"@type\":\"BreadcrumbList\",\"@id\":\"https:\\\/\\\/trade-world-one.de\\\/impressum\\\/#breadcrumb\",\"itemListElement\":[{\"@type\":\"ListItem\",\"position\":1,\"name\":\"Startseite\",\"item\":\"https:\\\/\\\/trade-world-one.de\\\/\"},{\"@type\":\"ListItem\",\"position\":2,\"name\":\"Impressum\"}]},{\"@type\":\"WebSite\",\"@id\":\"https:\\\/\\\/trade-world-one.de\\\/#website\",\"url\":\"https:\\\/\\\/trade-world-one.de\\\/\",\"name\":\"Trade World One GmbH\",\"description\":\"Your parts for success\",\"publisher\":{\"@id\":\"https:\\\/\\\/trade-world-one.de\\\/#organization\"},\"potentialAction\":[{\"@type\":\"SearchAction\",\"target\":{\"@type\":\"EntryPoint\",\"urlTemplate\":\"https:\\\/\\\/trade-world-one.de\\\/?s={search_term_string}\"},\"query-input\":{\"@type\":\"PropertyValueSpecification\",\"valueRequired\":true,\"valueName\":\"search_term_string\"}}],\"inLanguage\":\"nl-NL\"},{\"@type\":\"Organization\",\"@id\":\"https:\\\/\\\/trade-world-one.de\\\/#organization\",\"name\":\"Trade World One GmbH\",\"url\":\"https:\\\/\\\/trade-world-one.de\\\/\",\"logo\":{\"@type\":\"ImageObject\",\"inLanguage\":\"nl-NL\",\"@id\":\"https:\\\/\\\/trade-world-one.de\\\/#\\\/schema\\\/logo\\\/image\\\/\",\"url\":\"https:\\\/\\\/trade-world-one.de\\\/wp-content\\\/uploads\\\/2023\\\/12\\\/two_logo_v2.webp\",\"contentUrl\":\"https:\\\/\\\/trade-world-one.de\\\/wp-content\\\/uploads\\\/2023\\\/12\\\/two_logo_v2.webp\",\"width\":196,\"height\":42,\"caption\":\"Trade World One GmbH\"},\"image\":{\"@id\":\"https:\\\/\\\/trade-world-one.de\\\/#\\\/schema\\\/logo\\\/image\\\/\"},\"sameAs\":[\"https:\\\/\\\/www.linkedin.com\\\/company\\\/tradeworldone\"]}]}<\/script>\n<!-- \/ Yoast SEO plugin. -->","yoast_head_json":{"title":"Impressum - Trade World One","robots":{"index":"index","follow":"follow","max-snippet":"max-snippet:-1","max-image-preview":"max-image-preview:large","max-video-preview":"max-video-preview:-1"},"canonical":"https:\/\/trade-world-one.de\/nl\/opdruk\/","og_locale":"nl_NL","og_type":"article","og_title":"Impressum - Trade World One","og_description":"Impressum Angaben gem\u00e4\u00df \u00a7 5 Digitale-Dienste-Gesetz (DDG) Diensteanbieter:Trade World One GmbH &amp; Co. KG Bonner Str. 367-37140589 D\u00fcsseldorfDeutschland Vertreten durch die pers\u00f6nlich haftende Gesellschafterin (Komplement\u00e4rin):Trade World One Beteiligungs GmbH Vertreten durch:Gesch\u00e4ftsf\u00fchrer: Rainer Schieck Kontakt:Fon: +49 (0) 211 515 81 70Fax: +49 (0) 211 515 81 728E-Mail: info@trade-world-one.de www.trade-world-one.de Registereintrag:Eintragung der Trade World One GmbH &amp; [&hellip;]","og_url":"https:\/\/trade-world-one.de\/nl\/opdruk\/","og_site_name":"Trade World One","article_publisher":"https:\/\/www.linkedin.com\/company\/tradeworldone","article_modified_time":"2026-01-27T14:09:49+00:00","og_image":[{"width":1692,"height":338,"url":"https:\/\/trade-world-one.de\/wp-content\/uploads\/2023\/12\/Impressum.jpeg","type":"image\/jpeg"}],"twitter_card":"summary_large_image","twitter_misc":{"Est. reading time":"3 minuten"},"schema":{"@context":"https:\/\/schema.org","@graph":[{"@type":"WebPage","@id":"https:\/\/trade-world-one.de\/impressum\/","url":"https:\/\/trade-world-one.de\/impressum\/","name":"Impressum - Trade World One","isPartOf":{"@id":"https:\/\/trade-world-one.de\/#website"},"primaryImageOfPage":{"@id":"https:\/\/trade-world-one.de\/impressum\/#primaryimage"},"image":{"@id":"https:\/\/trade-world-one.de\/impressum\/#primaryimage"},"thumbnailUrl":"http:\/\/trade-world-one.de\/wp-content\/uploads\/2023\/12\/Impressum-1024x205.jpeg","datePublished":"2023-12-21T21:34:43+00:00","dateModified":"2026-01-27T14:09:49+00:00","breadcrumb":{"@id":"https:\/\/trade-world-one.de\/impressum\/#breadcrumb"},"inLanguage":"nl-NL","potentialAction":[{"@type":"ReadAction","target":["https:\/\/trade-world-one.de\/impressum\/"]}]},{"@type":"ImageObject","inLanguage":"nl-NL","@id":"https:\/\/trade-world-one.de\/impressum\/#primaryimage","url":"http:\/\/trade-world-one.de\/wp-content\/uploads\/2023\/12\/Impressum-1024x205.jpeg","contentUrl":"http:\/\/trade-world-one.de\/wp-content\/uploads\/2023\/12\/Impressum-1024x205.jpeg"},{"@type":"BreadcrumbList","@id":"https:\/\/trade-world-one.de\/impressum\/#breadcrumb","itemListElement":[{"@type":"ListItem","position":1,"name":"Startseite","item":"https:\/\/trade-world-one.de\/"},{"@type":"ListItem","position":2,"name":"Impressum"}]},{"@type":"WebSite","@id":"https:\/\/trade-world-one.de\/#website","url":"https:\/\/trade-world-one.de\/","name":"Trade World One GmbH","description":"Jouw onderdelen voor succes","publisher":{"@id":"https:\/\/trade-world-one.de\/#organization"},"potentialAction":[{"@type":"SearchAction","target":{"@type":"EntryPoint","urlTemplate":"https:\/\/trade-world-one.de\/?s={search_term_string}"},"query-input":{"@type":"PropertyValueSpecification","valueRequired":true,"valueName":"search_term_string"}}],"inLanguage":"nl-NL"},{"@type":"Organization","@id":"https:\/\/trade-world-one.de\/#organization","name":"Trade World One GmbH","url":"https:\/\/trade-world-one.de\/","logo":{"@type":"ImageObject","inLanguage":"nl-NL","@id":"https:\/\/trade-world-one.de\/#\/schema\/logo\/image\/","url":"https:\/\/trade-world-one.de\/wp-content\/uploads\/2023\/12\/two_logo_v2.webp","contentUrl":"https:\/\/trade-world-one.de\/wp-content\/uploads\/2023\/12\/two_logo_v2.webp","width":196,"height":42,"caption":"Trade World One GmbH"},"image":{"@id":"https:\/\/trade-world-one.de\/#\/schema\/logo\/image\/"},"sameAs":["https:\/\/www.linkedin.com\/company\/tradeworldone"]}]}},"_links":{"self":[{"href":"https:\/\/trade-world-one.de\/nl\/wp-json\/wp\/v2\/pages\/825","targetHints":{"allow":["GET"]}}],"collection":[{"href":"https:\/\/trade-world-one.de\/nl\/wp-json\/wp\/v2\/pages"}],"about":[{"href":"https:\/\/trade-world-one.de\/nl\/wp-json\/wp\/v2\/types\/page"}],"author":[{"embeddable":true,"href":"https:\/\/trade-world-one.de\/nl\/wp-json\/wp\/v2\/users\/1"}],"replies":[{"embeddable":true,"href":"https:\/\/trade-world-one.de\/nl\/wp-json\/wp\/v2\/comments?post=825"}],"version-history":[{"count":19,"href":"https:\/\/trade-world-one.de\/nl\/wp-json\/wp\/v2\/pages\/825\/revisions"}],"predecessor-version":[{"id":2220,"href":"https:\/\/trade-world-one.de\/nl\/wp-json\/wp\/v2\/pages\/825\/revisions\/2220"}],"wp:attachment":[{"href":"https:\/\/trade-world-one.de\/nl\/wp-json\/wp\/v2\/media?parent=825"}],"curies":[{"name":"wp","href":"https:\/\/api.w.org\/{rel}","templated":true}]}}