{"id":682,"date":"2023-12-20T12:21:41","date_gmt":"2023-12-20T12:21:41","guid":{"rendered":"https:\/\/trade-world-one.de\/?page_id=682"},"modified":"2023-12-22T11:43:42","modified_gmt":"2023-12-22T11:43:42","slug":"temp","status":"publish","type":"page","link":"https:\/\/trade-world-one.de\/pt\/temp\/","title":{"rendered":"Temp"},"content":{"rendered":"<div class=\"wp-block-stackable-columns alignfull stk-block-columns stk-block stk-75b127a stk-block-background\" data-block-id=\"75b127a\"><style>.stk-75b127a{background-color:var(--theme-palette-color-6,#F3F5F9) !important;min-height:100vh !important;align-items:center !important;display:flex !important}.stk-75b127a:before{background-color:var(--theme-palette-color-6,#F3F5F9) !important}<\/style><div class=\"stk-row stk-inner-blocks stk-block-content stk-content-align stk-75b127a-column alignfull\">\n<div class=\"wp-block-stackable-column stk-block-column stk-column stk-block stk-a411fe6\" data-v=\"4\" data-block-id=\"a411fe6\"><div class=\"stk-column-wrapper stk-block-column__content stk-container stk-a411fe6-container stk--no-background stk--no-padding\"><div class=\"stk-block-content stk-inner-blocks stk-a411fe6-inner-blocks\">\n<div class=\"wp-block-stackable-image stk-block-image stk-block stk-80d5b41\" data-block-id=\"80d5b41\"><style>.stk-80d5b41{margin-bottom:60px !important}.stk-80d5b41 .stk-img-wrapper{width:200px !important}<\/style><figure><span class=\"stk-img-wrapper stk-image--shape-stretch\"><img loading=\"lazy\" decoding=\"async\" class=\"stk-img wp-image-684\" src=\"http:\/\/trade-world-one.de\/wp-content\/uploads\/2023\/12\/two_logo_v2.webp\" width=\"196\" height=\"42\"\/><\/span><\/figure><\/div>\n\n\n\n<div class=\"wp-block-stackable-heading stk-block-heading stk-block-heading--v2 stk-block stk-0869cc6\" id=\"trade-world-one\" data-block-id=\"0869cc6\"><h2 class=\"stk-block-heading__text has-text-align-center\">Trade World One<\/h2><\/div>\n\n\n\n<div class=\"wp-block-stackable-text stk-block-text stk-block stk-ad3e393\" id=\"trade-world-one\" data-block-id=\"ad3e393\"><p class=\"stk-block-text__text has-text-align-center\">Telefon <a href=\"tel:+492115158170\">0211 515 81 70<\/a><br>correio eletr\u00f3nico <a href=\"mailto:info@trade-world-one.de\">info@trade-world-one.de<\/a><\/p><\/div>\n\n\n\n<div style=\"height:100px\" aria-hidden=\"true\" class=\"wp-block-spacer\"><\/div>\n\n\n\n<div class=\"wp-block-stackable-text stk-block-text stk-block stk-01779ab\" id=\"trade-world-one\" data-block-id=\"01779ab\"><style>.stk-01779ab .stk-block-text__text{font-size:12px !important}@media screen and (max-width:999px){.stk-01779ab .stk-block-text__text{font-size:12px !important}}<\/style><p class=\"stk-block-text__text has-text-align-center\"><a href=\"https:\/\/trade-world-one.de\/pt\/impressum\/\">Aviso Legal<\/a>  \u2022  <a href=\"https:\/\/trade-world-one.de\/pt\/politica-de-protecao-de-dados\/\">Pol\u00edtica de Prote\u00e7\u00e3o de dados<\/a><\/p><\/div>\n<\/div><\/div><\/div>\n<\/div><\/div>","protected":false},"excerpt":{"rendered":"<p>Trade World One Telefon 0211 515 81 70E-Mail info@trade-world-one.de Impressum \u2022 Datenschutz<\/p>","protected":false},"author":1,"featured_media":0,"parent":0,"menu_order":0,"comment_status":"closed","ping_status":"closed","template":"","meta":{"footnotes":""},"class_list":["post-682","page","type-page","status-publish","hentry"],"blocksy_meta":{"disable_header":"yes","disable_footer":"yes","styles_descriptor":{"styles":{"desktop":"","tablet":"","mobile":""},"google_fonts":[],"version":6}},"yoast_head":"<!-- This site is optimized with the Yoast SEO plugin v27.6 - https:\/\/yoast.com\/product\/yoast-seo-wordpress\/ -->\n<title>Temp - Trade World One<\/title>\n<meta name=\"robots\" content=\"index, follow, max-snippet:-1, max-image-preview:large, max-video-preview:-1\" \/>\n<link rel=\"canonical\" href=\"http:\/\/trade-world-one.de\/pt\/temp\/\" \/>\n<meta property=\"og:locale\" content=\"pt_PT\" \/>\n<meta property=\"og:type\" content=\"article\" \/>\n<meta property=\"og:title\" content=\"Temp - Trade World One\" \/>\n<meta property=\"og:description\" content=\"Trade World One Telefon 0211 515 81 70E-Mail info@trade-world-one.de Impressum \u2022 Datenschutz\" \/>\n<meta property=\"og:url\" content=\"http:\/\/trade-world-one.de\/pt\/temp\/\" \/>\n<meta property=\"og:site_name\" content=\"Trade World One\" \/>\n<meta property=\"article:publisher\" content=\"https:\/\/www.linkedin.com\/company\/tradeworldone\" \/>\n<meta property=\"article:modified_time\" content=\"2023-12-22T11:43:42+00:00\" \/>\n<meta property=\"og:image\" content=\"http:\/\/trade-world-one.de\/wp-content\/uploads\/2023\/12\/two_logo_v2.webp\" \/>\n<meta name=\"twitter:card\" content=\"summary_large_image\" \/>\n<meta name=\"twitter:label1\" content=\"Est. reading time\" \/>\n\t<meta name=\"twitter:data1\" content=\"1 minuto\" \/>\n<script type=\"application\/ld+json\" class=\"yoast-schema-graph\">{\"@context\":\"https:\\\/\\\/schema.org\",\"@graph\":[{\"@type\":\"WebPage\",\"@id\":\"http:\\\/\\\/trade-world-one.de\\\/temp\\\/\",\"url\":\"http:\\\/\\\/trade-world-one.de\\\/temp\\\/\",\"name\":\"Temp - Trade World One\",\"isPartOf\":{\"@id\":\"https:\\\/\\\/trade-world-one.de\\\/#website\"},\"primaryImageOfPage\":{\"@id\":\"http:\\\/\\\/trade-world-one.de\\\/temp\\\/#primaryimage\"},\"image\":{\"@id\":\"http:\\\/\\\/trade-world-one.de\\\/temp\\\/#primaryimage\"},\"thumbnailUrl\":\"http:\\\/\\\/trade-world-one.de\\\/wp-content\\\/uploads\\\/2023\\\/12\\\/two_logo_v2.webp\",\"datePublished\":\"2023-12-20T12:21:41+00:00\",\"dateModified\":\"2023-12-22T11:43:42+00:00\",\"breadcrumb\":{\"@id\":\"http:\\\/\\\/trade-world-one.de\\\/temp\\\/#breadcrumb\"},\"inLanguage\":\"pt-PT\",\"potentialAction\":[{\"@type\":\"ReadAction\",\"target\":[\"http:\\\/\\\/trade-world-one.de\\\/temp\\\/\"]}]},{\"@type\":\"ImageObject\",\"inLanguage\":\"pt-PT\",\"@id\":\"http:\\\/\\\/trade-world-one.de\\\/temp\\\/#primaryimage\",\"url\":\"http:\\\/\\\/trade-world-one.de\\\/wp-content\\\/uploads\\\/2023\\\/12\\\/two_logo_v2.webp\",\"contentUrl\":\"http:\\\/\\\/trade-world-one.de\\\/wp-content\\\/uploads\\\/2023\\\/12\\\/two_logo_v2.webp\"},{\"@type\":\"BreadcrumbList\",\"@id\":\"http:\\\/\\\/trade-world-one.de\\\/temp\\\/#breadcrumb\",\"itemListElement\":[{\"@type\":\"ListItem\",\"position\":1,\"name\":\"Startseite\",\"item\":\"https:\\\/\\\/trade-world-one.de\\\/\"},{\"@type\":\"ListItem\",\"position\":2,\"name\":\"Temp\"}]},{\"@type\":\"WebSite\",\"@id\":\"https:\\\/\\\/trade-world-one.de\\\/#website\",\"url\":\"https:\\\/\\\/trade-world-one.de\\\/\",\"name\":\"Trade World One GmbH\",\"description\":\"Your parts for success\",\"publisher\":{\"@id\":\"https:\\\/\\\/trade-world-one.de\\\/#organization\"},\"potentialAction\":[{\"@type\":\"SearchAction\",\"target\":{\"@type\":\"EntryPoint\",\"urlTemplate\":\"https:\\\/\\\/trade-world-one.de\\\/?s={search_term_string}\"},\"query-input\":{\"@type\":\"PropertyValueSpecification\",\"valueRequired\":true,\"valueName\":\"search_term_string\"}}],\"inLanguage\":\"pt-PT\"},{\"@type\":\"Organization\",\"@id\":\"https:\\\/\\\/trade-world-one.de\\\/#organization\",\"name\":\"Trade World One GmbH\",\"url\":\"https:\\\/\\\/trade-world-one.de\\\/\",\"logo\":{\"@type\":\"ImageObject\",\"inLanguage\":\"pt-PT\",\"@id\":\"https:\\\/\\\/trade-world-one.de\\\/#\\\/schema\\\/logo\\\/image\\\/\",\"url\":\"https:\\\/\\\/trade-world-one.de\\\/wp-content\\\/uploads\\\/2023\\\/12\\\/two_logo_v2.webp\",\"contentUrl\":\"https:\\\/\\\/trade-world-one.de\\\/wp-content\\\/uploads\\\/2023\\\/12\\\/two_logo_v2.webp\",\"width\":196,\"height\":42,\"caption\":\"Trade World One GmbH\"},\"image\":{\"@id\":\"https:\\\/\\\/trade-world-one.de\\\/#\\\/schema\\\/logo\\\/image\\\/\"},\"sameAs\":[\"https:\\\/\\\/www.linkedin.com\\\/company\\\/tradeworldone\"]}]}<\/script>\n<!-- \/ Yoast SEO plugin. -->","yoast_head_json":{"title":"Temp - Trade World One","robots":{"index":"index","follow":"follow","max-snippet":"max-snippet:-1","max-image-preview":"max-image-preview:large","max-video-preview":"max-video-preview:-1"},"canonical":"http:\/\/trade-world-one.de\/pt\/temp\/","og_locale":"pt_PT","og_type":"article","og_title":"Temp - Trade World One","og_description":"Trade World One Telefon 0211 515 81 70E-Mail info@trade-world-one.de Impressum \u2022 Datenschutz","og_url":"http:\/\/trade-world-one.de\/pt\/temp\/","og_site_name":"Trade World One","article_publisher":"https:\/\/www.linkedin.com\/company\/tradeworldone","article_modified_time":"2023-12-22T11:43:42+00:00","og_image":[{"url":"http:\/\/trade-world-one.de\/wp-content\/uploads\/2023\/12\/two_logo_v2.webp","type":"","width":"","height":""}],"twitter_card":"summary_large_image","twitter_misc":{"Est. reading time":"1 minuto"},"schema":{"@context":"https:\/\/schema.org","@graph":[{"@type":"WebPage","@id":"http:\/\/trade-world-one.de\/temp\/","url":"http:\/\/trade-world-one.de\/temp\/","name":"Temp - Trade World One","isPartOf":{"@id":"https:\/\/trade-world-one.de\/#website"},"primaryImageOfPage":{"@id":"http:\/\/trade-world-one.de\/temp\/#primaryimage"},"image":{"@id":"http:\/\/trade-world-one.de\/temp\/#primaryimage"},"thumbnailUrl":"http:\/\/trade-world-one.de\/wp-content\/uploads\/2023\/12\/two_logo_v2.webp","datePublished":"2023-12-20T12:21:41+00:00","dateModified":"2023-12-22T11:43:42+00:00","breadcrumb":{"@id":"http:\/\/trade-world-one.de\/temp\/#breadcrumb"},"inLanguage":"pt-PT","potentialAction":[{"@type":"ReadAction","target":["http:\/\/trade-world-one.de\/temp\/"]}]},{"@type":"ImageObject","inLanguage":"pt-PT","@id":"http:\/\/trade-world-one.de\/temp\/#primaryimage","url":"http:\/\/trade-world-one.de\/wp-content\/uploads\/2023\/12\/two_logo_v2.webp","contentUrl":"http:\/\/trade-world-one.de\/wp-content\/uploads\/2023\/12\/two_logo_v2.webp"},{"@type":"BreadcrumbList","@id":"http:\/\/trade-world-one.de\/temp\/#breadcrumb","itemListElement":[{"@type":"ListItem","position":1,"name":"Startseite","item":"https:\/\/trade-world-one.de\/"},{"@type":"ListItem","position":2,"name":"Temp"}]},{"@type":"WebSite","@id":"https:\/\/trade-world-one.de\/#website","url":"https:\/\/trade-world-one.de\/","name":"Trade World One GmbH","description":"As suas pe\u00e7as para o sucesso","publisher":{"@id":"https:\/\/trade-world-one.de\/#organization"},"potentialAction":[{"@type":"SearchAction","target":{"@type":"EntryPoint","urlTemplate":"https:\/\/trade-world-one.de\/?s={search_term_string}"},"query-input":{"@type":"PropertyValueSpecification","valueRequired":true,"valueName":"search_term_string"}}],"inLanguage":"pt-PT"},{"@type":"Organization","@id":"https:\/\/trade-world-one.de\/#organization","name":"Trade World One GmbH","url":"https:\/\/trade-world-one.de\/","logo":{"@type":"ImageObject","inLanguage":"pt-PT","@id":"https:\/\/trade-world-one.de\/#\/schema\/logo\/image\/","url":"https:\/\/trade-world-one.de\/wp-content\/uploads\/2023\/12\/two_logo_v2.webp","contentUrl":"https:\/\/trade-world-one.de\/wp-content\/uploads\/2023\/12\/two_logo_v2.webp","width":196,"height":42,"caption":"Trade World One GmbH"},"image":{"@id":"https:\/\/trade-world-one.de\/#\/schema\/logo\/image\/"},"sameAs":["https:\/\/www.linkedin.com\/company\/tradeworldone"]}]}},"_links":{"self":[{"href":"https:\/\/trade-world-one.de\/pt\/wp-json\/wp\/v2\/pages\/682","targetHints":{"allow":["GET"]}}],"collection":[{"href":"https:\/\/trade-world-one.de\/pt\/wp-json\/wp\/v2\/pages"}],"about":[{"href":"https:\/\/trade-world-one.de\/pt\/wp-json\/wp\/v2\/types\/page"}],"author":[{"embeddable":true,"href":"https:\/\/trade-world-one.de\/pt\/wp-json\/wp\/v2\/users\/1"}],"replies":[{"embeddable":true,"href":"https:\/\/trade-world-one.de\/pt\/wp-json\/wp\/v2\/comments?post=682"}],"version-history":[{"count":2,"href":"https:\/\/trade-world-one.de\/pt\/wp-json\/wp\/v2\/pages\/682\/revisions"}],"predecessor-version":[{"id":858,"href":"https:\/\/trade-world-one.de\/pt\/wp-json\/wp\/v2\/pages\/682\/revisions\/858"}],"wp:attachment":[{"href":"https:\/\/trade-world-one.de\/pt\/wp-json\/wp\/v2\/media?parent=682"}],"curies":[{"name":"wp","href":"https:\/\/api.w.org\/{rel}","templated":true}]}}